{"id":978,"date":"2016-10-06T07:49:51","date_gmt":"2016-10-06T06:49:51","guid":{"rendered":"https:\/\/procomed.ch\/produit\/c5086-a-c5055\/"},"modified":"2017-08-23T15:08:34","modified_gmt":"2017-08-23T14:08:34","slug":"c5086-a-c5055","status":"publish","type":"product","link":"https:\/\/procomed.ch\/en\/produit\/c5086-a-c5055\/","title":{"rendered":"C5086, \u00e0 C5055"},"content":{"rendered":"<p>Table technique 3 plans, \u00e0 hauteur variable \u00e9lectrique, par syst\u00e8me p\u00e9riph\u00e9rique. Dossier relevable par v\u00e9rin \u00e0 gaz. Avec plusieurs ou sans appui-bras, selon mod\u00e8le.<\/p>\n<p>Un large choix de coloris \u00e0 votre disposition, sellerie M2 non feu. Mousse de soutien II, de 5 cm. Possibilit\u00e9 d\u2019une sellerie optionnelle de 70 cm de large.<\/p>\n<p>Roues escamotable, trou de t\u00eate.<\/p>\n<p>Ch\u00e2ssis \u00e9poxy gris m\u00e9tal et pied chrom\u00e9e, moteur rapide<\/p>\n<p>Capacit\u00e9 200kg<\/p>\n<p>Pour plus d\u2019informations, contacter un de nos conseillers, qui se fera un plaisir de vous renseigner.<\/p>","protected":false},"excerpt":{"rendered":"<p>Table technique 3 plans, \u00e0 hauteur variable \u00e9lectrique, par syst\u00e8me p\u00e9riph\u00e9rique. Dossier relevable par v\u00e9rin \u00e0 gaz. Avec plusieurs ou sans appui-bras, selon mod\u00e8le. Un large choix de coloris \u00e0 votre disposition, sellerie M2 non feu. Mousse de soutien II, de 5 cm. Possibilit\u00e9 d\u2019une sellerie optionnelle de 70 cm de large. Roues escamotable, trou [&hellip;]<\/p>\n","protected":false},"featured_media":1208,"comment_status":"closed","ping_status":"closed","template":"","meta":{"_mi_skip_tracking":false},"product_cat":[76],"product_tag":[],"_links":{"self":[{"href":"https:\/\/procomed.ch\/en\/wp-json\/wp\/v2\/product\/978"}],"collection":[{"href":"https:\/\/procomed.ch\/en\/wp-json\/wp\/v2\/product"}],"about":[{"href":"https:\/\/procomed.ch\/en\/wp-json\/wp\/v2\/types\/product"}],"replies":[{"embeddable":true,"href":"https:\/\/procomed.ch\/en\/wp-json\/wp\/v2\/comments?post=978"}],"wp:featuredmedia":[{"embeddable":true,"href":"https:\/\/procomed.ch\/en\/wp-json\/wp\/v2\/media\/1208"}],"wp:attachment":[{"href":"https:\/\/procomed.ch\/en\/wp-json\/wp\/v2\/media?parent=978"}],"wp:term":[{"taxonomy":"product_cat","embeddable":true,"href":"https:\/\/procomed.ch\/en\/wp-json\/wp\/v2\/product_cat?post=978"},{"taxonomy":"product_tag","embeddable":true,"href":"https:\/\/procomed.ch\/en\/wp-json\/wp\/v2\/product_tag?post=978"}],"curies":[{"name":"wp","href":"https:\/\/api.w.org\/{rel}","templated":true}]}}