{"id":973,"date":"2016-10-06T07:49:51","date_gmt":"2016-10-06T06:49:51","guid":{"rendered":"https:\/\/procomed.ch\/produit\/pince-a-biopsie\/"},"modified":"2020-04-09T11:37:47","modified_gmt":"2020-04-09T09:37:47","slug":"pince-a-biopsie","status":"publish","type":"product","link":"https:\/\/procomed.ch\/en\/produit\/pince-a-biopsie\/","title":{"rendered":"Pince \u00e0 biopsie"},"content":{"rendered":"<p>Pince \u00e0 biopsie, inox r\u00e9utilisable, st\u00e9rilisable. <\/p>\n<p>Diff\u00e9rentes tailles \u00e0 votre disposition, \u00e0 pr\u00e9ciser lors de la demande de devis.<\/p>","protected":false},"excerpt":{"rendered":"<p>Pince \u00e0 biopsie, inox r\u00e9utilisable, st\u00e9rilisable. Diff\u00e9rentes tailles \u00e0 votre disposition, \u00e0 pr\u00e9ciser lors de la demande de devis.<\/p>\n","protected":false},"featured_media":2751,"comment_status":"closed","ping_status":"closed","template":"","meta":{"_mi_skip_tracking":false},"product_cat":[95,566],"product_tag":[],"_links":{"self":[{"href":"https:\/\/procomed.ch\/en\/wp-json\/wp\/v2\/product\/973"}],"collection":[{"href":"https:\/\/procomed.ch\/en\/wp-json\/wp\/v2\/product"}],"about":[{"href":"https:\/\/procomed.ch\/en\/wp-json\/wp\/v2\/types\/product"}],"replies":[{"embeddable":true,"href":"https:\/\/procomed.ch\/en\/wp-json\/wp\/v2\/comments?post=973"}],"wp:featuredmedia":[{"embeddable":true,"href":"https:\/\/procomed.ch\/en\/wp-json\/wp\/v2\/media\/2751"}],"wp:attachment":[{"href":"https:\/\/procomed.ch\/en\/wp-json\/wp\/v2\/media?parent=973"}],"wp:term":[{"taxonomy":"product_cat","embeddable":true,"href":"https:\/\/procomed.ch\/en\/wp-json\/wp\/v2\/product_cat?post=973"},{"taxonomy":"product_tag","embeddable":true,"href":"https:\/\/procomed.ch\/en\/wp-json\/wp\/v2\/product_tag?post=973"}],"curies":[{"name":"wp","href":"https:\/\/api.w.org\/{rel}","templated":true}]}}