{"id":972,"date":"2016-10-06T07:49:51","date_gmt":"2016-10-06T06:49:51","guid":{"rendered":"https:\/\/procomed.ch\/produit\/gyn-pusch\/"},"modified":"2020-04-09T12:31:07","modified_gmt":"2020-04-09T10:31:07","slug":"gyn-pusch","status":"publish","type":"product","link":"https:\/\/procomed.ch\/en\/produit\/gyn-pusch\/","title":{"rendered":"Gyn &#038; Pusch"},"content":{"rendered":"<p>Pince \u00e0 biopsie de col. St\u00e9rile \u00e0 usage unique.<\/p>","protected":false},"excerpt":{"rendered":"<p>Pince \u00e0 biopsie de col. St\u00e9rile \u00e0 usage unique.<\/p>\n","protected":false},"featured_media":2755,"comment_status":"closed","ping_status":"closed","template":"","meta":{"_mi_skip_tracking":false},"product_cat":[95,564,567,27],"product_tag":[],"_links":{"self":[{"href":"https:\/\/procomed.ch\/en\/wp-json\/wp\/v2\/product\/972"}],"collection":[{"href":"https:\/\/procomed.ch\/en\/wp-json\/wp\/v2\/product"}],"about":[{"href":"https:\/\/procomed.ch\/en\/wp-json\/wp\/v2\/types\/product"}],"replies":[{"embeddable":true,"href":"https:\/\/procomed.ch\/en\/wp-json\/wp\/v2\/comments?post=972"}],"wp:featuredmedia":[{"embeddable":true,"href":"https:\/\/procomed.ch\/en\/wp-json\/wp\/v2\/media\/2755"}],"wp:attachment":[{"href":"https:\/\/procomed.ch\/en\/wp-json\/wp\/v2\/media?parent=972"}],"wp:term":[{"taxonomy":"product_cat","embeddable":true,"href":"https:\/\/procomed.ch\/en\/wp-json\/wp\/v2\/product_cat?post=972"},{"taxonomy":"product_tag","embeddable":true,"href":"https:\/\/procomed.ch\/en\/wp-json\/wp\/v2\/product_tag?post=972"}],"curies":[{"name":"wp","href":"https:\/\/api.w.org\/{rel}","templated":true}]}}