{"id":966,"date":"2016-10-06T07:49:51","date_gmt":"2016-10-06T06:49:51","guid":{"rendered":"https:\/\/procomed.ch\/produit\/zetuvit\/"},"modified":"2017-01-04T12:58:45","modified_gmt":"2017-01-04T11:58:45","slug":"zetuvit","status":"publish","type":"product","link":"https:\/\/procomed.ch\/en\/produit\/zetuvit\/","title":{"rendered":"Zetuvit"},"content":{"rendered":"<p>Pansements absorbants pour le recouvrement des plaies \u00e0 forte s\u00e9rosit\u00e9 et la r\u00e9alisation de pansements alcoolis\u00e9s <\/p>\n<p>Emball\u00e9s s\u00e9par\u00e9ment dans des sachets st\u00e9riles.<\/p>\n<p>Plusieurs dimensions, \u00e0 pr\u00e9ciser lors de la demande de devis.<\/p>","protected":false},"excerpt":{"rendered":"<p>Pansements absorbants pour le recouvrement des plaies \u00e0 forte s\u00e9rosit\u00e9 et la r\u00e9alisation de pansements alcoolis\u00e9s Emball\u00e9s s\u00e9par\u00e9ment dans des sachets st\u00e9riles. Plusieurs dimensions, \u00e0 pr\u00e9ciser lors de la demande de devis.<\/p>\n","protected":false},"featured_media":0,"comment_status":"closed","ping_status":"closed","template":"","meta":{"_mi_skip_tracking":false},"product_cat":[97],"product_tag":[],"_links":{"self":[{"href":"https:\/\/procomed.ch\/en\/wp-json\/wp\/v2\/product\/966"}],"collection":[{"href":"https:\/\/procomed.ch\/en\/wp-json\/wp\/v2\/product"}],"about":[{"href":"https:\/\/procomed.ch\/en\/wp-json\/wp\/v2\/types\/product"}],"replies":[{"embeddable":true,"href":"https:\/\/procomed.ch\/en\/wp-json\/wp\/v2\/comments?post=966"}],"wp:attachment":[{"href":"https:\/\/procomed.ch\/en\/wp-json\/wp\/v2\/media?parent=966"}],"wp:term":[{"taxonomy":"product_cat","embeddable":true,"href":"https:\/\/procomed.ch\/en\/wp-json\/wp\/v2\/product_cat?post=966"},{"taxonomy":"product_tag","embeddable":true,"href":"https:\/\/procomed.ch\/en\/wp-json\/wp\/v2\/product_tag?post=966"}],"curies":[{"name":"wp","href":"https:\/\/api.w.org\/{rel}","templated":true}]}}