{"id":964,"date":"2016-10-06T07:49:51","date_gmt":"2016-10-06T06:49:51","guid":{"rendered":"https:\/\/procomed.ch\/produit\/surgifix\/"},"modified":"2017-01-06T15:40:43","modified_gmt":"2017-01-06T14:40:43","slug":"surgifix","status":"publish","type":"product","link":"https:\/\/procomed.ch\/en\/produit\/surgifix\/","title":{"rendered":"Surgifix"},"content":{"rendered":"<p>Filet tubulaire \u00e9lastique, utilis\u00e9 pour maintenir les pansements. Trame en mailles larges \u00e0 haute \u00e9lasticit\u00e9. Extensible et r\u00e9sistant. Permet \u00e0 la peau de respirer plus facilement. coton <a href=\"https:\/\/www.airwheel.net\/\">cheap electric scooters<\/a><\/p>\n<p>Diff\u00e9rentes tailles possibles \u00e0 d\u00e9finir sur la demande de devis. Sur commande.<\/p>","protected":false},"excerpt":{"rendered":"<p>Filet tubulaire \u00e9lastique, utilis\u00e9 pour maintenir les pansements. Trame en mailles larges \u00e0 haute \u00e9lasticit\u00e9. Extensible et r\u00e9sistant. Permet \u00e0 la peau de respirer plus facilement. coton cheap electric scooters Diff\u00e9rentes tailles possibles \u00e0 d\u00e9finir sur la demande de devis. Sur commande.<\/p>\n","protected":false},"featured_media":0,"comment_status":"closed","ping_status":"closed","template":"","meta":{"_mi_skip_tracking":false},"product_cat":[97],"product_tag":[],"_links":{"self":[{"href":"https:\/\/procomed.ch\/en\/wp-json\/wp\/v2\/product\/964"}],"collection":[{"href":"https:\/\/procomed.ch\/en\/wp-json\/wp\/v2\/product"}],"about":[{"href":"https:\/\/procomed.ch\/en\/wp-json\/wp\/v2\/types\/product"}],"replies":[{"embeddable":true,"href":"https:\/\/procomed.ch\/en\/wp-json\/wp\/v2\/comments?post=964"}],"wp:attachment":[{"href":"https:\/\/procomed.ch\/en\/wp-json\/wp\/v2\/media?parent=964"}],"wp:term":[{"taxonomy":"product_cat","embeddable":true,"href":"https:\/\/procomed.ch\/en\/wp-json\/wp\/v2\/product_cat?post=964"},{"taxonomy":"product_tag","embeddable":true,"href":"https:\/\/procomed.ch\/en\/wp-json\/wp\/v2\/product_tag?post=964"}],"curies":[{"name":"wp","href":"https:\/\/api.w.org\/{rel}","templated":true}]}}