{"id":962,"date":"2016-10-06T07:49:51","date_gmt":"2016-10-06T06:49:51","guid":{"rendered":"https:\/\/procomed.ch\/produit\/anapore\/"},"modified":"2017-01-06T15:42:49","modified_gmt":"2017-01-06T14:42:49","slug":"anapore","status":"publish","type":"product","link":"https:\/\/procomed.ch\/en\/produit\/anapore\/","title":{"rendered":"Anapore"},"content":{"rendered":"<p>Sparadrap microporeux. Hypoallerg\u00e9nique. Support non tiss\u00e9 blanc. Haute tol\u00e9rance cutan\u00e9e, se retire sans douleur. Indiqu\u00e9 pour maintenir les pansements sur les peaux sensibles. Recommand\u00e9 pour les renouvellements fr\u00e9quents. existent en plusieurs tailles, avec ou sans d\u00e9vidoir, \u00e0 pr\u00e9ciser lors de la demande de devis.<\/p>","protected":false},"excerpt":{"rendered":"<p>Sparadrap microporeux. Hypoallerg\u00e9nique. Support non tiss\u00e9 blanc. Haute tol\u00e9rance cutan\u00e9e, se retire sans douleur. Indiqu\u00e9 pour maintenir les pansements sur les peaux sensibles. Recommand\u00e9 pour les renouvellements fr\u00e9quents. existent en plusieurs tailles, avec ou sans d\u00e9vidoir, \u00e0 pr\u00e9ciser lors de la demande de devis.<\/p>\n","protected":false},"featured_media":0,"comment_status":"closed","ping_status":"closed","template":"","meta":{"_mi_skip_tracking":false},"product_cat":[97],"product_tag":[],"_links":{"self":[{"href":"https:\/\/procomed.ch\/en\/wp-json\/wp\/v2\/product\/962"}],"collection":[{"href":"https:\/\/procomed.ch\/en\/wp-json\/wp\/v2\/product"}],"about":[{"href":"https:\/\/procomed.ch\/en\/wp-json\/wp\/v2\/types\/product"}],"replies":[{"embeddable":true,"href":"https:\/\/procomed.ch\/en\/wp-json\/wp\/v2\/comments?post=962"}],"wp:attachment":[{"href":"https:\/\/procomed.ch\/en\/wp-json\/wp\/v2\/media?parent=962"}],"wp:term":[{"taxonomy":"product_cat","embeddable":true,"href":"https:\/\/procomed.ch\/en\/wp-json\/wp\/v2\/product_cat?post=962"},{"taxonomy":"product_tag","embeddable":true,"href":"https:\/\/procomed.ch\/en\/wp-json\/wp\/v2\/product_tag?post=962"}],"curies":[{"name":"wp","href":"https:\/\/api.w.org\/{rel}","templated":true}]}}