{"id":961,"date":"2016-10-06T07:49:03","date_gmt":"2016-10-06T06:49:03","guid":{"rendered":"https:\/\/procomed.ch\/produit\/ecg-portable\/"},"modified":"2017-01-03T15:21:30","modified_gmt":"2017-01-03T14:21:30","slug":"ecg-portable","status":"publish","type":"product","link":"https:\/\/procomed.ch\/en\/produit\/ecg-portable\/","title":{"rendered":"ECG portable"},"content":{"rendered":"<p>R\u00e9sultat direct sur l&#8217;\u00e9cran haute d\u00e9finition pour une parfaite lecture des donn\u00e9es.<\/p>\n<p> Appareil sans fil : pas d&#8217;\u00e9lectrodes, pas de c\u00e2ble.<\/p>\n<p> Usage simple et efficace.<\/p>\n<p> Transfert des donn\u00e9es par carte m\u00e9moire (300 mesures).<\/p>\n<p> Logiciel d&#8217;analyse des donn\u00e9es inclus, interpr\u00e9tant automatiquement le trac\u00e9.<\/p>\n<p> Faible consommation (batteries rechargeables).<\/p>\n<p> Enregistrement possible d&#8217;une s\u00e9quence de 30 secondes quand des sympt\u00f4mes apparaissent.<\/p>\n<p> Logiciel de t\u00e9l\u00e9chargement des donn\u00e9es enregistr\u00e9es et lecteur de carte m\u00e9moire.<\/p>\n<p> Poids : 130g.<\/p>","protected":false},"excerpt":{"rendered":"<p>R\u00e9sultat direct sur l&#8217;\u00e9cran haute d\u00e9finition pour une parfaite lecture des donn\u00e9es. Appareil sans fil : pas d&#8217;\u00e9lectrodes, pas de c\u00e2ble. Usage simple et efficace. Transfert des donn\u00e9es par carte m\u00e9moire (300 mesures). Logiciel d&#8217;analyse des donn\u00e9es inclus, interpr\u00e9tant automatiquement le trac\u00e9. Faible consommation (batteries rechargeables). Enregistrement possible d&#8217;une s\u00e9quence de 30 secondes quand des [&hellip;]<\/p>\n","protected":false},"featured_media":0,"comment_status":"closed","ping_status":"closed","template":"","meta":{"_mi_skip_tracking":false},"product_cat":[65],"product_tag":[],"_links":{"self":[{"href":"https:\/\/procomed.ch\/en\/wp-json\/wp\/v2\/product\/961"}],"collection":[{"href":"https:\/\/procomed.ch\/en\/wp-json\/wp\/v2\/product"}],"about":[{"href":"https:\/\/procomed.ch\/en\/wp-json\/wp\/v2\/types\/product"}],"replies":[{"embeddable":true,"href":"https:\/\/procomed.ch\/en\/wp-json\/wp\/v2\/comments?post=961"}],"wp:attachment":[{"href":"https:\/\/procomed.ch\/en\/wp-json\/wp\/v2\/media?parent=961"}],"wp:term":[{"taxonomy":"product_cat","embeddable":true,"href":"https:\/\/procomed.ch\/en\/wp-json\/wp\/v2\/product_cat?post=961"},{"taxonomy":"product_tag","embeddable":true,"href":"https:\/\/procomed.ch\/en\/wp-json\/wp\/v2\/product_tag?post=961"}],"curies":[{"name":"wp","href":"https:\/\/api.w.org\/{rel}","templated":true}]}}