{"id":958,"date":"2016-10-06T07:49:03","date_gmt":"2016-10-06T06:49:03","guid":{"rendered":"https:\/\/procomed.ch\/produit\/fortelux-n\/"},"modified":"2017-01-09T13:34:24","modified_gmt":"2017-01-09T12:34:24","slug":"fortelux-n","status":"publish","type":"product","link":"https:\/\/procomed.ch\/en\/produit\/fortelux-n\/","title":{"rendered":"Fortelux N"},"content":{"rendered":"<p>Lampes de diagnostic compactes aux formes esth\u00e9tiques, ouvrant des possibilit\u00e9s diagnostiques plus pr\u00e9cises en ORL et en ophtalmologie. Ces lampes de diagnostic aux utilisations diverses et vari\u00e9es sont fabriqu\u00e9es en mat\u00e9riau r\u00e9sistant pour une excellente prise en main \u00e0 chaque examen. Elles permettent un meilleur \u00e9clairage des endroits difficilement accessibles.<\/p>\n<p> Avec une lampe \u00e0 vide de 2,2 V.<\/p>\n<p> Deux piles de type AAA comprises.<\/p>\n<p> Gaine en aluminium rev\u00eatu de vernis sp\u00e9cial pouvant \u00eatre d\u00e9sinfect\u00e9.<\/p>\n<p> Avec un clip m\u00e9tallique pratique pr\u00e9vu pour la fixation \u00e0 la blouse du m\u00e9decin.<\/p>\n<p> Allumage et arr\u00eat ais\u00e9s, par simple contact au niveau du clip m\u00e9tallique.<\/p>","protected":false},"excerpt":{"rendered":"<p>Lampes de diagnostic compactes aux formes esth\u00e9tiques, ouvrant des possibilit\u00e9s diagnostiques plus pr\u00e9cises en ORL et en ophtalmologie. Ces lampes de diagnostic aux utilisations diverses et vari\u00e9es sont fabriqu\u00e9es en mat\u00e9riau r\u00e9sistant pour une excellente prise en main \u00e0 chaque examen. Elles permettent un meilleur \u00e9clairage des endroits difficilement accessibles. Avec une lampe \u00e0 vide [&hellip;]<\/p>\n","protected":false},"featured_media":0,"comment_status":"closed","ping_status":"closed","template":"","meta":{"_mi_skip_tracking":false},"product_cat":[64],"product_tag":[],"_links":{"self":[{"href":"https:\/\/procomed.ch\/en\/wp-json\/wp\/v2\/product\/958"}],"collection":[{"href":"https:\/\/procomed.ch\/en\/wp-json\/wp\/v2\/product"}],"about":[{"href":"https:\/\/procomed.ch\/en\/wp-json\/wp\/v2\/types\/product"}],"replies":[{"embeddable":true,"href":"https:\/\/procomed.ch\/en\/wp-json\/wp\/v2\/comments?post=958"}],"wp:attachment":[{"href":"https:\/\/procomed.ch\/en\/wp-json\/wp\/v2\/media?parent=958"}],"wp:term":[{"taxonomy":"product_cat","embeddable":true,"href":"https:\/\/procomed.ch\/en\/wp-json\/wp\/v2\/product_cat?post=958"},{"taxonomy":"product_tag","embeddable":true,"href":"https:\/\/procomed.ch\/en\/wp-json\/wp\/v2\/product_tag?post=958"}],"curies":[{"name":"wp","href":"https:\/\/api.w.org\/{rel}","templated":true}]}}