{"id":950,"date":"2016-10-06T07:49:03","date_gmt":"2016-10-06T06:49:03","guid":{"rendered":"https:\/\/procomed.ch\/produit\/ftc-medisana\/"},"modified":"2019-05-10T11:14:00","modified_gmt":"2019-05-10T09:14:00","slug":"ftc-medisana","status":"publish","type":"product","link":"https:\/\/procomed.ch\/en\/produit\/ftc-medisana\/","title":{"rendered":"FTC Medisana"},"content":{"rendered":"<p>Thermom\u00e8tre \u00e9lectronique.<\/p>\n<p>\u2022 Mesure pr\u00e9cise de la temp\u00e9rature: orale, rectale et axillaire<\/p>\n<p>\u2022 Etanche<\/p>\n<p>\u2022 Signal sonore lorsque l\u2019appareil est pr\u00eat \u00e0 utilisation et \u00e0 la fin de la mesure<\/p>\n<p>\u2022 Ecran LCD avec affichage num\u00e9rique<\/p>\n<p>\u2022 Alarme sonore en cas de fi\u00e8vre<\/p>\n<p>\u2022 Arr\u00eat automatique<\/p>\n<p>\u2022 Sauvegarde du dernier r\u00e9sultat<\/p>\n<p>\u2022 Remplacement facile des piles<\/p>\n<p>\u2022 Livr\u00e9 avec : 1 \u00e9tui de rangement, 1 pile LR41<\/p>","protected":false},"excerpt":{"rendered":"<p>Thermom\u00e8tre \u00e9lectronique. \u2022 Mesure pr\u00e9cise de la temp\u00e9rature: orale, rectale et axillaire \u2022 Etanche \u2022 Signal sonore lorsque l\u2019appareil est pr\u00eat \u00e0 utilisation et \u00e0 la fin de la mesure \u2022 Ecran LCD avec affichage num\u00e9rique \u2022 Alarme sonore en cas de fi\u00e8vre \u2022 Arr\u00eat automatique \u2022 Sauvegarde du dernier r\u00e9sultat \u2022 Remplacement facile des [&hellip;]<\/p>\n","protected":false},"featured_media":2267,"comment_status":"closed","ping_status":"closed","template":"","meta":{"_mi_skip_tracking":false},"product_cat":[22,72],"product_tag":[],"_links":{"self":[{"href":"https:\/\/procomed.ch\/en\/wp-json\/wp\/v2\/product\/950"}],"collection":[{"href":"https:\/\/procomed.ch\/en\/wp-json\/wp\/v2\/product"}],"about":[{"href":"https:\/\/procomed.ch\/en\/wp-json\/wp\/v2\/types\/product"}],"replies":[{"embeddable":true,"href":"https:\/\/procomed.ch\/en\/wp-json\/wp\/v2\/comments?post=950"}],"wp:featuredmedia":[{"embeddable":true,"href":"https:\/\/procomed.ch\/en\/wp-json\/wp\/v2\/media\/2267"}],"wp:attachment":[{"href":"https:\/\/procomed.ch\/en\/wp-json\/wp\/v2\/media?parent=950"}],"wp:term":[{"taxonomy":"product_cat","embeddable":true,"href":"https:\/\/procomed.ch\/en\/wp-json\/wp\/v2\/product_cat?post=950"},{"taxonomy":"product_tag","embeddable":true,"href":"https:\/\/procomed.ch\/en\/wp-json\/wp\/v2\/product_tag?post=950"}],"curies":[{"name":"wp","href":"https:\/\/api.w.org\/{rel}","templated":true}]}}