{"id":928,"date":"2016-10-06T07:48:10","date_gmt":"2016-10-06T06:48:10","guid":{"rendered":"https:\/\/procomed.ch\/produit\/4365\/"},"modified":"2017-01-05T10:22:06","modified_gmt":"2017-01-05T09:22:06","slug":"4365","status":"publish","type":"product","link":"https:\/\/procomed.ch\/en\/produit\/4365\/","title":{"rendered":"4365"},"content":{"rendered":"<p>Table \u00e0 langer d\u2019occasion n\u2019ayant jamais servie.<\/p>\n<p>B\u00e2ti rev\u00eatement \u00e9poxy gris nuage. Ch\u00e2ssis enti\u00e8rement soud\u00e9.<\/p>\n<p>Sellerie avec 3 bords relev\u00e9s, rev\u00eatement non feu M1.<\/p>\n<p>Couleur C\u00e9drat, avec option plateau inf\u00e9rieur.<\/p>","protected":false},"excerpt":{"rendered":"<p class=\"qtranxs-available-languages-message qtranxs-available-languages-message-en\">Sorry, this entry is only available in <a href=\"https:\/\/procomed.ch\/fr\/wp-json\/wp\/v2\/product\/928\" class=\"qtranxs-available-language-link qtranxs-available-language-link-fr\" title=\"Fran\u00e7ais\">French<\/a>.<\/p>\n","protected":false},"featured_media":0,"comment_status":"closed","ping_status":"closed","template":"","meta":{"_mi_skip_tracking":false},"product_cat":[84],"product_tag":[],"_links":{"self":[{"href":"https:\/\/procomed.ch\/en\/wp-json\/wp\/v2\/product\/928"}],"collection":[{"href":"https:\/\/procomed.ch\/en\/wp-json\/wp\/v2\/product"}],"about":[{"href":"https:\/\/procomed.ch\/en\/wp-json\/wp\/v2\/types\/product"}],"replies":[{"embeddable":true,"href":"https:\/\/procomed.ch\/en\/wp-json\/wp\/v2\/comments?post=928"}],"wp:attachment":[{"href":"https:\/\/procomed.ch\/en\/wp-json\/wp\/v2\/media?parent=928"}],"wp:term":[{"taxonomy":"product_cat","embeddable":true,"href":"https:\/\/procomed.ch\/en\/wp-json\/wp\/v2\/product_cat?post=928"},{"taxonomy":"product_tag","embeddable":true,"href":"https:\/\/procomed.ch\/en\/wp-json\/wp\/v2\/product_tag?post=928"}],"curies":[{"name":"wp","href":"https:\/\/api.w.org\/{rel}","templated":true}]}}