{"id":924,"date":"2016-10-06T07:48:10","date_gmt":"2016-10-06T06:48:10","guid":{"rendered":"https:\/\/procomed.ch\/produit\/1100\/"},"modified":"2017-04-13T14:05:21","modified_gmt":"2017-04-13T13:05:21","slug":"1100","status":"publish","type":"product","link":"https:\/\/procomed.ch\/en\/produit\/1100\/","title":{"rendered":"1100"},"content":{"rendered":"<p>Bobine d&#8217;essuie-mains 2 plis pure ouate \u00e0 d\u00e9vidage central maxi, 450 formats microgauffr\u00e9, agr\u00e9\u00e9e alimentaire.<\/p>","protected":false},"excerpt":{"rendered":"<p>Bobine d&#8217;essuie-mains 2 plis pure ouate \u00e0 d\u00e9vidage central maxi, 450 formats microgauffr\u00e9, agr\u00e9\u00e9e alimentaire.<\/p>\n","protected":false},"featured_media":1275,"comment_status":"closed","ping_status":"closed","template":"","meta":{"_mi_skip_tracking":false},"product_cat":[48],"product_tag":[],"_links":{"self":[{"href":"https:\/\/procomed.ch\/en\/wp-json\/wp\/v2\/product\/924"}],"collection":[{"href":"https:\/\/procomed.ch\/en\/wp-json\/wp\/v2\/product"}],"about":[{"href":"https:\/\/procomed.ch\/en\/wp-json\/wp\/v2\/types\/product"}],"replies":[{"embeddable":true,"href":"https:\/\/procomed.ch\/en\/wp-json\/wp\/v2\/comments?post=924"}],"wp:featuredmedia":[{"embeddable":true,"href":"https:\/\/procomed.ch\/en\/wp-json\/wp\/v2\/media\/1275"}],"wp:attachment":[{"href":"https:\/\/procomed.ch\/en\/wp-json\/wp\/v2\/media?parent=924"}],"wp:term":[{"taxonomy":"product_cat","embeddable":true,"href":"https:\/\/procomed.ch\/en\/wp-json\/wp\/v2\/product_cat?post=924"},{"taxonomy":"product_tag","embeddable":true,"href":"https:\/\/procomed.ch\/en\/wp-json\/wp\/v2\/product_tag?post=924"}],"curies":[{"name":"wp","href":"https:\/\/api.w.org\/{rel}","templated":true}]}}