{"id":887,"date":"2016-10-06T07:46:16","date_gmt":"2016-10-06T06:46:16","guid":{"rendered":"https:\/\/procomed.ch\/produit\/7201\/"},"modified":"2017-01-04T13:33:28","modified_gmt":"2017-01-04T12:33:28","slug":"7201","status":"publish","type":"product","link":"https:\/\/procomed.ch\/en\/produit\/7201\/","title":{"rendered":"7201"},"content":{"rendered":"<p>Bombe bact\u00e9ricide menthe.<\/p>\n<p>NB : Utilisez ce type produit avec pr\u00e9caution. Avant toute utilisation, lisez l&#8217;\u00e9tiquette et les informations concernant le produit.<\/p>","protected":false},"excerpt":{"rendered":"<p>Bombe bact\u00e9ricide menthe. NB : Utilisez ce type produit avec pr\u00e9caution. Avant toute utilisation, lisez l&#8217;\u00e9tiquette et les informations concernant le produit.<\/p>\n","protected":false},"featured_media":0,"comment_status":"closed","ping_status":"closed","template":"","meta":{"_mi_skip_tracking":false},"product_cat":[88],"product_tag":[],"_links":{"self":[{"href":"https:\/\/procomed.ch\/en\/wp-json\/wp\/v2\/product\/887"}],"collection":[{"href":"https:\/\/procomed.ch\/en\/wp-json\/wp\/v2\/product"}],"about":[{"href":"https:\/\/procomed.ch\/en\/wp-json\/wp\/v2\/types\/product"}],"replies":[{"embeddable":true,"href":"https:\/\/procomed.ch\/en\/wp-json\/wp\/v2\/comments?post=887"}],"wp:attachment":[{"href":"https:\/\/procomed.ch\/en\/wp-json\/wp\/v2\/media?parent=887"}],"wp:term":[{"taxonomy":"product_cat","embeddable":true,"href":"https:\/\/procomed.ch\/en\/wp-json\/wp\/v2\/product_cat?post=887"},{"taxonomy":"product_tag","embeddable":true,"href":"https:\/\/procomed.ch\/en\/wp-json\/wp\/v2\/product_tag?post=887"}],"curies":[{"name":"wp","href":"https:\/\/api.w.org\/{rel}","templated":true}]}}