{"id":873,"date":"2016-10-06T07:45:20","date_gmt":"2016-10-06T06:45:20","guid":{"rendered":"https:\/\/procomed.ch\/produit\/1000-a-1008\/"},"modified":"2020-08-06T18:40:58","modified_gmt":"2020-08-06T16:40:58","slug":"1000","status":"publish","type":"product","link":"https:\/\/procomed.ch\/en\/produit\/1000\/","title":{"rendered":"1000 \u00e0 1008"},"content":{"rendered":"<p>Drap pour table d&#8217;examen de luxe, 2 plis blanc pure ouate,  avec pr\u00e9-d\u00e9coupe \u00e0 40 cm. <\/p>\n<p>Longueur du rouleau : 50 m\u00e8tres<\/p>\n<p>D\u00e9finir la largeur du rouleau lors de la demande de devis.<\/p>","protected":false},"excerpt":{"rendered":"<p>Drap pour table d&#8217;examen de luxe, 2 plis blanc pure ouate, avec pr\u00e9-d\u00e9coupe \u00e0 40 cm. Longueur du rouleau : 50 m\u00e8tres D\u00e9finir la largeur du rouleau lors de la demande de devis.<\/p>\n","protected":false},"featured_media":3185,"comment_status":"closed","ping_status":"closed","template":"","meta":{"_mi_skip_tracking":false},"product_cat":[43,17],"product_tag":[],"_links":{"self":[{"href":"https:\/\/procomed.ch\/en\/wp-json\/wp\/v2\/product\/873"}],"collection":[{"href":"https:\/\/procomed.ch\/en\/wp-json\/wp\/v2\/product"}],"about":[{"href":"https:\/\/procomed.ch\/en\/wp-json\/wp\/v2\/types\/product"}],"replies":[{"embeddable":true,"href":"https:\/\/procomed.ch\/en\/wp-json\/wp\/v2\/comments?post=873"}],"wp:featuredmedia":[{"embeddable":true,"href":"https:\/\/procomed.ch\/en\/wp-json\/wp\/v2\/media\/3185"}],"wp:attachment":[{"href":"https:\/\/procomed.ch\/en\/wp-json\/wp\/v2\/media?parent=873"}],"wp:term":[{"taxonomy":"product_cat","embeddable":true,"href":"https:\/\/procomed.ch\/en\/wp-json\/wp\/v2\/product_cat?post=873"},{"taxonomy":"product_tag","embeddable":true,"href":"https:\/\/procomed.ch\/en\/wp-json\/wp\/v2\/product_tag?post=873"}],"curies":[{"name":"wp","href":"https:\/\/api.w.org\/{rel}","templated":true}]}}