{"id":869,"date":"2016-10-06T07:45:20","date_gmt":"2016-10-06T06:45:20","guid":{"rendered":"https:\/\/procomed.ch\/produit\/1060-a-1068\/"},"modified":"2017-04-13T15:33:05","modified_gmt":"2017-04-13T14:33:05","slug":"1060","status":"publish","type":"product","link":"https:\/\/procomed.ch\/en\/produit\/1060\/","title":{"rendered":"1060 \u00e0 1068"},"content":{"rendered":"<p>Drap pour table d&#8217;examen plastifi\u00e9 blanc, avec pr\u00e9-d\u00e9coupe \u00e0 40 cm.<\/p>\n<p>Longueur du rouleau :  50 m\u00e8tres.<\/p>\n<p>D\u00e9finir la largeur du rouleau lors de la demande de devis.<\/p>","protected":false},"excerpt":{"rendered":"<p>Drap pour table d&#8217;examen plastifi\u00e9 blanc, avec pr\u00e9-d\u00e9coupe \u00e0 40 cm. Longueur du rouleau : 50 m\u00e8tres. D\u00e9finir la largeur du rouleau lors de la demande de devis.<\/p>\n","protected":false},"featured_media":1465,"comment_status":"closed","ping_status":"closed","template":"","meta":{"_mi_skip_tracking":false},"product_cat":[46],"product_tag":[],"_links":{"self":[{"href":"https:\/\/procomed.ch\/en\/wp-json\/wp\/v2\/product\/869"}],"collection":[{"href":"https:\/\/procomed.ch\/en\/wp-json\/wp\/v2\/product"}],"about":[{"href":"https:\/\/procomed.ch\/en\/wp-json\/wp\/v2\/types\/product"}],"replies":[{"embeddable":true,"href":"https:\/\/procomed.ch\/en\/wp-json\/wp\/v2\/comments?post=869"}],"wp:featuredmedia":[{"embeddable":true,"href":"https:\/\/procomed.ch\/en\/wp-json\/wp\/v2\/media\/1465"}],"wp:attachment":[{"href":"https:\/\/procomed.ch\/en\/wp-json\/wp\/v2\/media?parent=869"}],"wp:term":[{"taxonomy":"product_cat","embeddable":true,"href":"https:\/\/procomed.ch\/en\/wp-json\/wp\/v2\/product_cat?post=869"},{"taxonomy":"product_tag","embeddable":true,"href":"https:\/\/procomed.ch\/en\/wp-json\/wp\/v2\/product_tag?post=869"}],"curies":[{"name":"wp","href":"https:\/\/api.w.org\/{rel}","templated":true}]}}