{"id":767,"date":"2016-10-06T07:40:56","date_gmt":"2016-10-06T06:40:56","guid":{"rendered":"https:\/\/procomed.ch\/produit\/6010\/"},"modified":"2017-01-04T15:30:12","modified_gmt":"2017-01-04T14:30:12","slug":"6010","status":"publish","type":"product","link":"https:\/\/procomed.ch\/en\/produit\/6010\/","title":{"rendered":"6010"},"content":{"rendered":"<p>Cotto IF110 &#8211; Sutter. Imperm\u00e9abilisant.<\/p>\n<p>Permet d&#8217;obtenir une imperm\u00e9abilisation total de la terre cuite. Evite le passage de l&#8217;eau et des liquides en g\u00e9n\u00e9ral.<\/p>\n<p>NB : Utilisez ce type produit avec pr\u00e9caution. Avant toute utilisation, lisez l&#8217;\u00e9tiquette et les informations concernant le produit.<\/p>","protected":false},"excerpt":{"rendered":"<p>Cotto IF110 &#8211; Sutter. Imperm\u00e9abilisant. Permet d&#8217;obtenir une imperm\u00e9abilisation total de la terre cuite. Evite le passage de l&#8217;eau et des liquides en g\u00e9n\u00e9ral. NB : Utilisez ce type produit avec pr\u00e9caution. Avant toute utilisation, lisez l&#8217;\u00e9tiquette et les informations concernant le produit.<\/p>\n","protected":false},"featured_media":0,"comment_status":"closed","ping_status":"closed","template":"","meta":{"_mi_skip_tracking":false},"product_cat":[25,90],"product_tag":[],"_links":{"self":[{"href":"https:\/\/procomed.ch\/en\/wp-json\/wp\/v2\/product\/767"}],"collection":[{"href":"https:\/\/procomed.ch\/en\/wp-json\/wp\/v2\/product"}],"about":[{"href":"https:\/\/procomed.ch\/en\/wp-json\/wp\/v2\/types\/product"}],"replies":[{"embeddable":true,"href":"https:\/\/procomed.ch\/en\/wp-json\/wp\/v2\/comments?post=767"}],"wp:attachment":[{"href":"https:\/\/procomed.ch\/en\/wp-json\/wp\/v2\/media?parent=767"}],"wp:term":[{"taxonomy":"product_cat","embeddable":true,"href":"https:\/\/procomed.ch\/en\/wp-json\/wp\/v2\/product_cat?post=767"},{"taxonomy":"product_tag","embeddable":true,"href":"https:\/\/procomed.ch\/en\/wp-json\/wp\/v2\/product_tag?post=767"}],"curies":[{"name":"wp","href":"https:\/\/api.w.org\/{rel}","templated":true}]}}