{"id":765,"date":"2016-10-06T07:40:56","date_gmt":"2016-10-06T06:40:56","guid":{"rendered":"https:\/\/procomed.ch\/produit\/6014\/"},"modified":"2017-01-10T13:57:50","modified_gmt":"2017-01-10T12:57:50","slug":"6014","status":"publish","type":"product","link":"https:\/\/procomed.ch\/en\/produit\/6014\/","title":{"rendered":"6014"},"content":{"rendered":"<p>Cuat 88 SN &#8211; Sutter.<\/p>\n<p>D\u00e9tergent, d\u00e9graissant, d\u00e9sinfectant alimentaire.<\/p>\n<p>nettoie et d\u00e9sinfecte en peu de temps toutes les surfaces souill\u00e9es.<\/p>\n<p>NB : Utilisez ce type produit avec pr\u00e9caution. Avant toute utilisation, lisez l&#8217;\u00e9tiquette et les informations concernant le produit.<\/p>","protected":false},"excerpt":{"rendered":"<p>Cuat 88 SN &#8211; Sutter. D\u00e9tergent, d\u00e9graissant, d\u00e9sinfectant alimentaire. nettoie et d\u00e9sinfecte en peu de temps toutes les surfaces souill\u00e9es. NB : Utilisez ce type produit avec pr\u00e9caution. Avant toute utilisation, lisez l&#8217;\u00e9tiquette et les informations concernant le produit.<\/p>\n","protected":false},"featured_media":0,"comment_status":"closed","ping_status":"closed","template":"","meta":{"_mi_skip_tracking":false},"product_cat":[89],"product_tag":[],"_links":{"self":[{"href":"https:\/\/procomed.ch\/en\/wp-json\/wp\/v2\/product\/765"}],"collection":[{"href":"https:\/\/procomed.ch\/en\/wp-json\/wp\/v2\/product"}],"about":[{"href":"https:\/\/procomed.ch\/en\/wp-json\/wp\/v2\/types\/product"}],"replies":[{"embeddable":true,"href":"https:\/\/procomed.ch\/en\/wp-json\/wp\/v2\/comments?post=765"}],"wp:attachment":[{"href":"https:\/\/procomed.ch\/en\/wp-json\/wp\/v2\/media?parent=765"}],"wp:term":[{"taxonomy":"product_cat","embeddable":true,"href":"https:\/\/procomed.ch\/en\/wp-json\/wp\/v2\/product_cat?post=765"},{"taxonomy":"product_tag","embeddable":true,"href":"https:\/\/procomed.ch\/en\/wp-json\/wp\/v2\/product_tag?post=765"}],"curies":[{"name":"wp","href":"https:\/\/api.w.org\/{rel}","templated":true}]}}