{"id":745,"date":"2016-10-06T07:40:08","date_gmt":"2016-10-06T06:40:08","guid":{"rendered":"https:\/\/procomed.ch\/produit\/6040\/"},"modified":"2017-01-04T14:27:27","modified_gmt":"2017-01-04T13:27:27","slug":"6040","status":"publish","type":"product","link":"https:\/\/procomed.ch\/en\/produit\/6040\/","title":{"rendered":"6040"},"content":{"rendered":"<p>Metal Polish. &#8211; Sutter<\/p>\n<p>Exellent pouvoir nettoyant sur les m\u00e9taux, comme le laiton. Pouvoir antioxidant \u00e9lev\u00e9. Donne un tr\u00e9s beau brillant.<\/p>\n<p>NB : Utilisez ce type produit avec pr\u00e9caution. Avant toute utilisation, lisez l&#8217;\u00e9tiquette et les informations concernant le produit.<\/p>","protected":false},"excerpt":{"rendered":"<p>Metal Polish. &#8211; Sutter Exellent pouvoir nettoyant sur les m\u00e9taux, comme le laiton. Pouvoir antioxidant \u00e9lev\u00e9. Donne un tr\u00e9s beau brillant. NB : Utilisez ce type produit avec pr\u00e9caution. Avant toute utilisation, lisez l&#8217;\u00e9tiquette et les informations concernant le produit.<\/p>\n","protected":false},"featured_media":0,"comment_status":"closed","ping_status":"closed","template":"","meta":{"_mi_skip_tracking":false},"product_cat":[25,90],"product_tag":[],"_links":{"self":[{"href":"https:\/\/procomed.ch\/en\/wp-json\/wp\/v2\/product\/745"}],"collection":[{"href":"https:\/\/procomed.ch\/en\/wp-json\/wp\/v2\/product"}],"about":[{"href":"https:\/\/procomed.ch\/en\/wp-json\/wp\/v2\/types\/product"}],"replies":[{"embeddable":true,"href":"https:\/\/procomed.ch\/en\/wp-json\/wp\/v2\/comments?post=745"}],"wp:attachment":[{"href":"https:\/\/procomed.ch\/en\/wp-json\/wp\/v2\/media?parent=745"}],"wp:term":[{"taxonomy":"product_cat","embeddable":true,"href":"https:\/\/procomed.ch\/en\/wp-json\/wp\/v2\/product_cat?post=745"},{"taxonomy":"product_tag","embeddable":true,"href":"https:\/\/procomed.ch\/en\/wp-json\/wp\/v2\/product_tag?post=745"}],"curies":[{"name":"wp","href":"https:\/\/api.w.org\/{rel}","templated":true}]}}