{"id":742,"date":"2016-10-06T07:40:08","date_gmt":"2016-10-06T06:40:08","guid":{"rendered":"https:\/\/procomed.ch\/produit\/6041\/"},"modified":"2017-01-04T13:37:53","modified_gmt":"2017-01-04T12:37:53","slug":"6041","status":"publish","type":"product","link":"https:\/\/procomed.ch\/en\/produit\/6041\/","title":{"rendered":"6041"},"content":{"rendered":"<p>Multigienic SF 130.<\/p>\n<p>D\u00e9graissant, d\u00e9sinfectant multi-usage. Agr\u00e9e alimentaire.<\/p>\n<p>NB : Utilisez ce type produit avec pr\u00e9caution. Avant toute utilisation, lisez l&#8217;\u00e9tiquette et les informations concernant le produit.<\/p>","protected":false},"excerpt":{"rendered":"<p>Multigienic SF 130. D\u00e9graissant, d\u00e9sinfectant multi-usage. Agr\u00e9e alimentaire. NB : Utilisez ce type produit avec pr\u00e9caution. Avant toute utilisation, lisez l&#8217;\u00e9tiquette et les informations concernant le produit.<\/p>\n","protected":false},"featured_media":0,"comment_status":"closed","ping_status":"closed","template":"","meta":{"_mi_skip_tracking":false},"product_cat":[89],"product_tag":[],"_links":{"self":[{"href":"https:\/\/procomed.ch\/en\/wp-json\/wp\/v2\/product\/742"}],"collection":[{"href":"https:\/\/procomed.ch\/en\/wp-json\/wp\/v2\/product"}],"about":[{"href":"https:\/\/procomed.ch\/en\/wp-json\/wp\/v2\/types\/product"}],"replies":[{"embeddable":true,"href":"https:\/\/procomed.ch\/en\/wp-json\/wp\/v2\/comments?post=742"}],"wp:attachment":[{"href":"https:\/\/procomed.ch\/en\/wp-json\/wp\/v2\/media?parent=742"}],"wp:term":[{"taxonomy":"product_cat","embeddable":true,"href":"https:\/\/procomed.ch\/en\/wp-json\/wp\/v2\/product_cat?post=742"},{"taxonomy":"product_tag","embeddable":true,"href":"https:\/\/procomed.ch\/en\/wp-json\/wp\/v2\/product_tag?post=742"}],"curies":[{"name":"wp","href":"https:\/\/api.w.org\/{rel}","templated":true}]}}