{"id":731,"date":"2016-10-06T07:39:20","date_gmt":"2016-10-06T06:39:20","guid":{"rendered":"https:\/\/procomed.ch\/produit\/6035\/"},"modified":"2017-01-04T13:24:23","modified_gmt":"2017-01-04T12:24:23","slug":"6035","status":"publish","type":"product","link":"https:\/\/procomed.ch\/en\/produit\/6035\/","title":{"rendered":"6035"},"content":{"rendered":"<p>Pom Lime. &#8211; Sutter<\/p>\n<p>Spray d\u00e9sodorisant \u00e0 action rapide. A base de nouvelles et persistantes fragrances. Effet r\u00e9manent puissant convient pour tous les lieux o\u00f9 les odeurs sont tenaces.<\/p>\n<p>NB : Utilisez ce type produit avec pr\u00e9caution. Avant toute utilisation, lisez l&#8217;\u00e9tiquette et les informations concernant le produit.<\/p>","protected":false},"excerpt":{"rendered":"<p>Pom Lime. &#8211; Sutter Spray d\u00e9sodorisant \u00e0 action rapide. A base de nouvelles et persistantes fragrances. Effet r\u00e9manent puissant convient pour tous les lieux o\u00f9 les odeurs sont tenaces. NB : Utilisez ce type produit avec pr\u00e9caution. Avant toute utilisation, lisez l&#8217;\u00e9tiquette et les informations concernant le produit.<\/p>\n","protected":false},"featured_media":0,"comment_status":"closed","ping_status":"closed","template":"","meta":{"_mi_skip_tracking":false},"product_cat":[88],"product_tag":[],"_links":{"self":[{"href":"https:\/\/procomed.ch\/en\/wp-json\/wp\/v2\/product\/731"}],"collection":[{"href":"https:\/\/procomed.ch\/en\/wp-json\/wp\/v2\/product"}],"about":[{"href":"https:\/\/procomed.ch\/en\/wp-json\/wp\/v2\/types\/product"}],"replies":[{"embeddable":true,"href":"https:\/\/procomed.ch\/en\/wp-json\/wp\/v2\/comments?post=731"}],"wp:attachment":[{"href":"https:\/\/procomed.ch\/en\/wp-json\/wp\/v2\/media?parent=731"}],"wp:term":[{"taxonomy":"product_cat","embeddable":true,"href":"https:\/\/procomed.ch\/en\/wp-json\/wp\/v2\/product_cat?post=731"},{"taxonomy":"product_tag","embeddable":true,"href":"https:\/\/procomed.ch\/en\/wp-json\/wp\/v2\/product_tag?post=731"}],"curies":[{"name":"wp","href":"https:\/\/api.w.org\/{rel}","templated":true}]}}