{"id":724,"date":"2016-10-06T07:39:20","date_gmt":"2016-10-06T06:39:20","guid":{"rendered":"https:\/\/procomed.ch\/produit\/6061\/"},"modified":"2017-01-10T14:10:22","modified_gmt":"2017-01-10T13:10:22","slug":"6061","status":"publish","type":"product","link":"https:\/\/procomed.ch\/en\/produit\/6061\/","title":{"rendered":"6061"},"content":{"rendered":"<p>SF 210. &#8211; Sutter<\/p>\n<p>D\u00e9capant, d\u00e9graissant pour fours, grills, plaques de cuisson, indiqu\u00e9 pour l&#8217;entretien de toutes surfaces en contact avec les denr\u00e9es alimentaires.<\/p>\n<p>NB : Utilisez ce type produit avec pr\u00e9caution. Avant toute utilisation, lisez l&#8217;\u00e9tiquette et les informations concernant le produit.<\/p>","protected":false},"excerpt":{"rendered":"<p>SF 210. &#8211; Sutter D\u00e9capant, d\u00e9graissant pour fours, grills, plaques de cuisson, indiqu\u00e9 pour l&#8217;entretien de toutes surfaces en contact avec les denr\u00e9es alimentaires. NB : Utilisez ce type produit avec pr\u00e9caution. Avant toute utilisation, lisez l&#8217;\u00e9tiquette et les informations concernant le produit.<\/p>\n","protected":false},"featured_media":0,"comment_status":"closed","ping_status":"closed","template":"","meta":{"_mi_skip_tracking":false},"product_cat":[89],"product_tag":[],"_links":{"self":[{"href":"https:\/\/procomed.ch\/en\/wp-json\/wp\/v2\/product\/724"}],"collection":[{"href":"https:\/\/procomed.ch\/en\/wp-json\/wp\/v2\/product"}],"about":[{"href":"https:\/\/procomed.ch\/en\/wp-json\/wp\/v2\/types\/product"}],"replies":[{"embeddable":true,"href":"https:\/\/procomed.ch\/en\/wp-json\/wp\/v2\/comments?post=724"}],"wp:attachment":[{"href":"https:\/\/procomed.ch\/en\/wp-json\/wp\/v2\/media?parent=724"}],"wp:term":[{"taxonomy":"product_cat","embeddable":true,"href":"https:\/\/procomed.ch\/en\/wp-json\/wp\/v2\/product_cat?post=724"},{"taxonomy":"product_tag","embeddable":true,"href":"https:\/\/procomed.ch\/en\/wp-json\/wp\/v2\/product_tag?post=724"}],"curies":[{"name":"wp","href":"https:\/\/api.w.org\/{rel}","templated":true}]}}