{"id":723,"date":"2016-10-06T07:39:20","date_gmt":"2016-10-06T06:39:20","guid":{"rendered":"https:\/\/procomed.ch\/produit\/6058\/"},"modified":"2017-01-04T14:06:14","modified_gmt":"2017-01-04T13:06:14","slug":"6058","status":"publish","type":"product","link":"https:\/\/procomed.ch\/en\/produit\/6058\/","title":{"rendered":"6058"},"content":{"rendered":"<p>Singular. &#8211; Sutter<\/p>\n<p>D\u00e9tergent cirant pour la r\u00e9novation et l&#8217;entretien des sols.<\/p>\n<p>Redonne aux sols prot\u00e9g\u00e9s par une \u00e9mulsion acrylique leur brillant d&#8217;origine. Peut \u00eatre utilis\u00e9 pur ou dilu\u00e9.<\/p>\n<p>NB : Utilisez ce type produit avec pr\u00e9caution. Avant toute utilisation, lisez l&#8217;\u00e9tiquette et les informations concernant le produit.<\/p>","protected":false},"excerpt":{"rendered":"<p>Singular. &#8211; Sutter D\u00e9tergent cirant pour la r\u00e9novation et l&#8217;entretien des sols. Redonne aux sols prot\u00e9g\u00e9s par une \u00e9mulsion acrylique leur brillant d&#8217;origine. Peut \u00eatre utilis\u00e9 pur ou dilu\u00e9. NB : Utilisez ce type produit avec pr\u00e9caution. Avant toute utilisation, lisez l&#8217;\u00e9tiquette et les informations concernant le produit.<\/p>\n","protected":false},"featured_media":0,"comment_status":"closed","ping_status":"closed","template":"","meta":{"_mi_skip_tracking":false},"product_cat":[90,25],"product_tag":[],"_links":{"self":[{"href":"https:\/\/procomed.ch\/en\/wp-json\/wp\/v2\/product\/723"}],"collection":[{"href":"https:\/\/procomed.ch\/en\/wp-json\/wp\/v2\/product"}],"about":[{"href":"https:\/\/procomed.ch\/en\/wp-json\/wp\/v2\/types\/product"}],"replies":[{"embeddable":true,"href":"https:\/\/procomed.ch\/en\/wp-json\/wp\/v2\/comments?post=723"}],"wp:attachment":[{"href":"https:\/\/procomed.ch\/en\/wp-json\/wp\/v2\/media?parent=723"}],"wp:term":[{"taxonomy":"product_cat","embeddable":true,"href":"https:\/\/procomed.ch\/en\/wp-json\/wp\/v2\/product_cat?post=723"},{"taxonomy":"product_tag","embeddable":true,"href":"https:\/\/procomed.ch\/en\/wp-json\/wp\/v2\/product_tag?post=723"}],"curies":[{"name":"wp","href":"https:\/\/api.w.org\/{rel}","templated":true}]}}