{"id":722,"date":"2016-10-06T07:39:20","date_gmt":"2016-10-06T06:39:20","guid":{"rendered":"https:\/\/procomed.ch\/produit\/6059\/"},"modified":"2017-01-04T14:05:24","modified_gmt":"2017-01-04T13:05:24","slug":"6059","status":"publish","type":"product","link":"https:\/\/procomed.ch\/en\/produit\/6059\/","title":{"rendered":"6059"},"content":{"rendered":"<p>Splendido. &#8211; Sutter<\/p>\n<p>Mousse d\u00e9tergente active, pour l&#8217;entretien de toutes les surfaces modernes.<\/p>\n<p>NB : Utilisez ce type produit avec pr\u00e9caution. Avant toute utilisation, lisez l&#8217;\u00e9tiquette et les informations concernant le produit.<\/p>","protected":false},"excerpt":{"rendered":"<p>Splendido. &#8211; Sutter Mousse d\u00e9tergente active, pour l&#8217;entretien de toutes les surfaces modernes. NB : Utilisez ce type produit avec pr\u00e9caution. Avant toute utilisation, lisez l&#8217;\u00e9tiquette et les informations concernant le produit.<\/p>\n","protected":false},"featured_media":0,"comment_status":"closed","ping_status":"closed","template":"","meta":{"_mi_skip_tracking":false},"product_cat":[25,90],"product_tag":[],"_links":{"self":[{"href":"https:\/\/procomed.ch\/en\/wp-json\/wp\/v2\/product\/722"}],"collection":[{"href":"https:\/\/procomed.ch\/en\/wp-json\/wp\/v2\/product"}],"about":[{"href":"https:\/\/procomed.ch\/en\/wp-json\/wp\/v2\/types\/product"}],"replies":[{"embeddable":true,"href":"https:\/\/procomed.ch\/en\/wp-json\/wp\/v2\/comments?post=722"}],"wp:attachment":[{"href":"https:\/\/procomed.ch\/en\/wp-json\/wp\/v2\/media?parent=722"}],"wp:term":[{"taxonomy":"product_cat","embeddable":true,"href":"https:\/\/procomed.ch\/en\/wp-json\/wp\/v2\/product_cat?post=722"},{"taxonomy":"product_tag","embeddable":true,"href":"https:\/\/procomed.ch\/en\/wp-json\/wp\/v2\/product_tag?post=722"}],"curies":[{"name":"wp","href":"https:\/\/api.w.org\/{rel}","templated":true}]}}