{"id":719,"date":"2016-10-06T07:38:29","date_gmt":"2016-10-06T06:38:29","guid":{"rendered":"https:\/\/procomed.ch\/produit\/6064\/"},"modified":"2017-01-04T13:55:54","modified_gmt":"2017-01-04T12:55:54","slug":"6064","status":"publish","type":"product","link":"https:\/\/procomed.ch\/en\/produit\/6064\/","title":{"rendered":"6064"},"content":{"rendered":"<p>Tecne &#8211; Sutter<\/p>\n<p>D\u00e9tergent d\u00e9graissant sans alcali ni solvant. <\/p>\n<p>Conforme aux normes alimentaires. Pour un rapide entretien des sols et surfaces impr\u00e9gn\u00e9s de taches d&#8217;origines huileuses. Non moussant.<\/p>\n<p>NB : Utilisez ce type produit avec pr\u00e9caution. Avant toute utilisation, lisez l&#8217;\u00e9tiquette et les informations concernant le produit.<\/p>","protected":false},"excerpt":{"rendered":"<p>Tecne &#8211; Sutter D\u00e9tergent d\u00e9graissant sans alcali ni solvant. Conforme aux normes alimentaires. Pour un rapide entretien des sols et surfaces impr\u00e9gn\u00e9s de taches d&#8217;origines huileuses. Non moussant. NB : Utilisez ce type produit avec pr\u00e9caution. Avant toute utilisation, lisez l&#8217;\u00e9tiquette et les informations concernant le produit.<\/p>\n","protected":false},"featured_media":0,"comment_status":"closed","ping_status":"closed","template":"","meta":{"_mi_skip_tracking":false},"product_cat":[25,90],"product_tag":[],"_links":{"self":[{"href":"https:\/\/procomed.ch\/en\/wp-json\/wp\/v2\/product\/719"}],"collection":[{"href":"https:\/\/procomed.ch\/en\/wp-json\/wp\/v2\/product"}],"about":[{"href":"https:\/\/procomed.ch\/en\/wp-json\/wp\/v2\/types\/product"}],"replies":[{"embeddable":true,"href":"https:\/\/procomed.ch\/en\/wp-json\/wp\/v2\/comments?post=719"}],"wp:attachment":[{"href":"https:\/\/procomed.ch\/en\/wp-json\/wp\/v2\/media?parent=719"}],"wp:term":[{"taxonomy":"product_cat","embeddable":true,"href":"https:\/\/procomed.ch\/en\/wp-json\/wp\/v2\/product_cat?post=719"},{"taxonomy":"product_tag","embeddable":true,"href":"https:\/\/procomed.ch\/en\/wp-json\/wp\/v2\/product_tag?post=719"}],"curies":[{"name":"wp","href":"https:\/\/api.w.org\/{rel}","templated":true}]}}