{"id":718,"date":"2016-10-06T07:38:29","date_gmt":"2016-10-06T06:38:29","guid":{"rendered":"https:\/\/procomed.ch\/produit\/6063\/"},"modified":"2017-01-04T13:56:34","modified_gmt":"2017-01-04T12:56:34","slug":"6063","status":"publish","type":"product","link":"https:\/\/procomed.ch\/en\/produit\/6063\/","title":{"rendered":"6063"},"content":{"rendered":"<p>Techni-Cal SF 310 &#8211; Sutter<\/p>\n<p>D\u00e9tergent, d\u00e9tartrant multi-usage pour l&#8217;entretien de toutes surfaces en contacte avec des denr\u00e9es alimentaire.<\/p>\n<p>Anticalcaire sp\u00e9cifique pour les \u00e9viers, surface en acier et rev\u00e9tement en c\u00e9ramique. Non corrosif pour les m\u00e9taux, nettoie en profondeur et laisse les surface brillantes.<\/p>\n<p>NB : Utilisez ce type produit avec pr\u00e9caution. Avant toute utilisation, lisez l&#8217;\u00e9tiquette et les informations concernant le produit.<\/p>","protected":false},"excerpt":{"rendered":"<p>Techni-Cal SF 310 &#8211; Sutter D\u00e9tergent, d\u00e9tartrant multi-usage pour l&#8217;entretien de toutes surfaces en contacte avec des denr\u00e9es alimentaire. Anticalcaire sp\u00e9cifique pour les \u00e9viers, surface en acier et rev\u00e9tement en c\u00e9ramique. Non corrosif pour les m\u00e9taux, nettoie en profondeur et laisse les surface brillantes. NB : Utilisez ce type produit avec pr\u00e9caution. Avant toute utilisation, [&hellip;]<\/p>\n","protected":false},"featured_media":0,"comment_status":"closed","ping_status":"closed","template":"","meta":{"_mi_skip_tracking":false},"product_cat":[90],"product_tag":[],"_links":{"self":[{"href":"https:\/\/procomed.ch\/en\/wp-json\/wp\/v2\/product\/718"}],"collection":[{"href":"https:\/\/procomed.ch\/en\/wp-json\/wp\/v2\/product"}],"about":[{"href":"https:\/\/procomed.ch\/en\/wp-json\/wp\/v2\/types\/product"}],"replies":[{"embeddable":true,"href":"https:\/\/procomed.ch\/en\/wp-json\/wp\/v2\/comments?post=718"}],"wp:attachment":[{"href":"https:\/\/procomed.ch\/en\/wp-json\/wp\/v2\/media?parent=718"}],"wp:term":[{"taxonomy":"product_cat","embeddable":true,"href":"https:\/\/procomed.ch\/en\/wp-json\/wp\/v2\/product_cat?post=718"},{"taxonomy":"product_tag","embeddable":true,"href":"https:\/\/procomed.ch\/en\/wp-json\/wp\/v2\/product_tag?post=718"}],"curies":[{"name":"wp","href":"https:\/\/api.w.org\/{rel}","templated":true}]}}