{"id":712,"date":"2016-10-06T07:38:29","date_gmt":"2016-10-06T06:38:29","guid":{"rendered":"https:\/\/procomed.ch\/produit\/6069\/"},"modified":"2017-01-10T14:12:09","modified_gmt":"2017-01-10T13:12:09","slug":"6069","status":"publish","type":"product","link":"https:\/\/procomed.ch\/en\/produit\/6069\/","title":{"rendered":"6069"},"content":{"rendered":"<p>Wash Plus &#8211; Sutter<\/p>\n<p>D\u00e9tergents parfum\u00e9s plonge manuelle.<\/p>\n<p>Deux d\u00e9tergents pour une concentration diff\u00e9rente en fonction du degr\u00e9 de salissures grasse \u00e0 nettoyer. <\/p>\n<p>Contient des agents protecteurs pour la peau.<\/p>\n<p>NB : Utilisez ce type produit avec pr\u00e9caution. Avant toute utilisation, lisez l&#8217;\u00e9tiquette et les informations concernant le produit.<\/p>","protected":false},"excerpt":{"rendered":"<p>Wash Plus &#8211; Sutter D\u00e9tergents parfum\u00e9s plonge manuelle. Deux d\u00e9tergents pour une concentration diff\u00e9rente en fonction du degr\u00e9 de salissures grasse \u00e0 nettoyer. Contient des agents protecteurs pour la peau. NB : Utilisez ce type produit avec pr\u00e9caution. Avant toute utilisation, lisez l&#8217;\u00e9tiquette et les informations concernant le produit.<\/p>\n","protected":false},"featured_media":0,"comment_status":"closed","ping_status":"closed","template":"","meta":{"_mi_skip_tracking":false},"product_cat":[89],"product_tag":[],"_links":{"self":[{"href":"https:\/\/procomed.ch\/en\/wp-json\/wp\/v2\/product\/712"}],"collection":[{"href":"https:\/\/procomed.ch\/en\/wp-json\/wp\/v2\/product"}],"about":[{"href":"https:\/\/procomed.ch\/en\/wp-json\/wp\/v2\/types\/product"}],"replies":[{"embeddable":true,"href":"https:\/\/procomed.ch\/en\/wp-json\/wp\/v2\/comments?post=712"}],"wp:attachment":[{"href":"https:\/\/procomed.ch\/en\/wp-json\/wp\/v2\/media?parent=712"}],"wp:term":[{"taxonomy":"product_cat","embeddable":true,"href":"https:\/\/procomed.ch\/en\/wp-json\/wp\/v2\/product_cat?post=712"},{"taxonomy":"product_tag","embeddable":true,"href":"https:\/\/procomed.ch\/en\/wp-json\/wp\/v2\/product_tag?post=712"}],"curies":[{"name":"wp","href":"https:\/\/api.w.org\/{rel}","templated":true}]}}