{"id":683,"date":"2016-10-06T07:37:37","date_gmt":"2016-10-06T06:37:37","guid":{"rendered":"https:\/\/procomed.ch\/produit\/hydrofilm-plus\/"},"modified":"2017-01-06T15:40:34","modified_gmt":"2017-01-06T14:40:34","slug":"hydrofilm-plus","status":"publish","type":"product","link":"https:\/\/procomed.ch\/en\/produit\/hydrofilm-plus\/","title":{"rendered":"Hydrofilm Plus"},"content":{"rendered":"<p>Hydrofilm Plus est un pansement des laboratoires Hartmann constitu\u00e9 d&#8217;un film transparent r\u00e9sistant \u00e0 l&#8217;eau et aux germes. Ce pansement contient en son centre une compresse absorbante qui n&#8217;adh\u00e8re pas \u00e0 la plaie. Il vous permet de prendre une douche ou un bain sans soucis.<\/p>\n<p>Diff\u00e9rentes tailles \u00e0 votre disposition, \u00e0 pr\u00e9ciser lors de la demande de devis.<\/p>","protected":false},"excerpt":{"rendered":"<p>Hydrofilm Plus est un pansement des laboratoires Hartmann constitu\u00e9 d&#8217;un film transparent r\u00e9sistant \u00e0 l&#8217;eau et aux germes. Ce pansement contient en son centre une compresse absorbante qui n&#8217;adh\u00e8re pas \u00e0 la plaie. Il vous permet de prendre une douche ou un bain sans soucis. Diff\u00e9rentes tailles \u00e0 votre disposition, \u00e0 pr\u00e9ciser lors de la [&hellip;]<\/p>\n","protected":false},"featured_media":0,"comment_status":"closed","ping_status":"closed","template":"","meta":{"_mi_skip_tracking":false},"product_cat":[97],"product_tag":[],"_links":{"self":[{"href":"https:\/\/procomed.ch\/en\/wp-json\/wp\/v2\/product\/683"}],"collection":[{"href":"https:\/\/procomed.ch\/en\/wp-json\/wp\/v2\/product"}],"about":[{"href":"https:\/\/procomed.ch\/en\/wp-json\/wp\/v2\/types\/product"}],"replies":[{"embeddable":true,"href":"https:\/\/procomed.ch\/en\/wp-json\/wp\/v2\/comments?post=683"}],"wp:attachment":[{"href":"https:\/\/procomed.ch\/en\/wp-json\/wp\/v2\/media?parent=683"}],"wp:term":[{"taxonomy":"product_cat","embeddable":true,"href":"https:\/\/procomed.ch\/en\/wp-json\/wp\/v2\/product_cat?post=683"},{"taxonomy":"product_tag","embeddable":true,"href":"https:\/\/procomed.ch\/en\/wp-json\/wp\/v2\/product_tag?post=683"}],"curies":[{"name":"wp","href":"https:\/\/api.w.org\/{rel}","templated":true}]}}