{"id":676,"date":"2016-10-06T07:36:48","date_gmt":"2016-10-06T06:36:48","guid":{"rendered":"https:\/\/procomed.ch\/produit\/dk-808h\/"},"modified":"2019-10-09T16:01:50","modified_gmt":"2019-10-09T14:01:50","slug":"m50011-80","status":"publish","type":"product","link":"https:\/\/procomed.ch\/en\/produit\/m50011-80\/","title":{"rendered":"DK-808H"},"content":{"rendered":"<p>Set de pansement st\u00e9rile sous blister rigide 3 compartiments : 1 pince anatomique verte, 1 pince anatomique bleue, 5 tampons boules non tiss\u00e9s, 6 compresses non tiss\u00e9es 7.5 x 7.5 cm<\/p>","protected":false},"excerpt":{"rendered":"<p>Set de pansement st\u00e9rile sous blister rigide 3 compartiments : 1 pince anatomique verte, 1 pince anatomique bleue, 5 tampons boules non tiss\u00e9s, 6 compresses non tiss\u00e9es 7.5 x 7.5 cm<\/p>\n","protected":false},"featured_media":2355,"comment_status":"closed","ping_status":"closed","template":"","meta":{"_mi_skip_tracking":false},"product_cat":[98,27],"product_tag":[],"_links":{"self":[{"href":"https:\/\/procomed.ch\/en\/wp-json\/wp\/v2\/product\/676"}],"collection":[{"href":"https:\/\/procomed.ch\/en\/wp-json\/wp\/v2\/product"}],"about":[{"href":"https:\/\/procomed.ch\/en\/wp-json\/wp\/v2\/types\/product"}],"replies":[{"embeddable":true,"href":"https:\/\/procomed.ch\/en\/wp-json\/wp\/v2\/comments?post=676"}],"wp:featuredmedia":[{"embeddable":true,"href":"https:\/\/procomed.ch\/en\/wp-json\/wp\/v2\/media\/2355"}],"wp:attachment":[{"href":"https:\/\/procomed.ch\/en\/wp-json\/wp\/v2\/media?parent=676"}],"wp:term":[{"taxonomy":"product_cat","embeddable":true,"href":"https:\/\/procomed.ch\/en\/wp-json\/wp\/v2\/product_cat?post=676"},{"taxonomy":"product_tag","embeddable":true,"href":"https:\/\/procomed.ch\/en\/wp-json\/wp\/v2\/product_tag?post=676"}],"curies":[{"name":"wp","href":"https:\/\/api.w.org\/{rel}","templated":true}]}}