{"id":646,"date":"2016-10-06T07:35:52","date_gmt":"2016-10-06T06:35:52","guid":{"rendered":"https:\/\/procomed.ch\/produit\/4909920\/"},"modified":"2019-10-09T16:40:22","modified_gmt":"2019-10-09T14:40:22","slug":"4909920","status":"publish","type":"product","link":"https:\/\/procomed.ch\/en\/produit\/4909920\/","title":{"rendered":"4909920"},"content":{"rendered":"<p>Set de pansement st\u00e9rile sous blister rigide 3 compartiments : 1 pincette bleue, 1 pincette verte, 5 boules non tiss\u00e9es, 5 compresses non tiss\u00e9es 7.5 x 7.5 cm, 1 champ 45 x 38 cm.<\/p>","protected":false},"excerpt":{"rendered":"<p>Set de pansement st\u00e9rile sous blister rigide 3 compartiments : 1 pincette bleue, 1 pincette verte, 5 boules non tiss\u00e9es, 5 compresses non tiss\u00e9es 7.5 x 7.5 cm, 1 champ 45 x 38 cm.<\/p>\n","protected":false},"featured_media":2357,"comment_status":"closed","ping_status":"closed","template":"","meta":{"_mi_skip_tracking":false},"product_cat":[98,27],"product_tag":[],"_links":{"self":[{"href":"https:\/\/procomed.ch\/en\/wp-json\/wp\/v2\/product\/646"}],"collection":[{"href":"https:\/\/procomed.ch\/en\/wp-json\/wp\/v2\/product"}],"about":[{"href":"https:\/\/procomed.ch\/en\/wp-json\/wp\/v2\/types\/product"}],"replies":[{"embeddable":true,"href":"https:\/\/procomed.ch\/en\/wp-json\/wp\/v2\/comments?post=646"}],"wp:featuredmedia":[{"embeddable":true,"href":"https:\/\/procomed.ch\/en\/wp-json\/wp\/v2\/media\/2357"}],"wp:attachment":[{"href":"https:\/\/procomed.ch\/en\/wp-json\/wp\/v2\/media?parent=646"}],"wp:term":[{"taxonomy":"product_cat","embeddable":true,"href":"https:\/\/procomed.ch\/en\/wp-json\/wp\/v2\/product_cat?post=646"},{"taxonomy":"product_tag","embeddable":true,"href":"https:\/\/procomed.ch\/en\/wp-json\/wp\/v2\/product_tag?post=646"}],"curies":[{"name":"wp","href":"https:\/\/api.w.org\/{rel}","templated":true}]}}