{"id":605,"date":"2016-10-06T07:34:08","date_gmt":"2016-10-06T06:34:08","guid":{"rendered":"https:\/\/procomed.ch\/produit\/7841\/"},"modified":"2017-01-04T13:45:12","modified_gmt":"2017-01-04T12:45:12","slug":"7841","status":"publish","type":"product","link":"https:\/\/procomed.ch\/en\/produit\/7841\/","title":{"rendered":"7841"},"content":{"rendered":"<p>Cristal Bar. &#8211; Sutter<\/p>\n<p>D\u00e9tergent pour lave verres automatique \u00e0 effet s\u00e9chant. Adapt\u00e9 \u00e0 tous types de duret\u00e9 de l&#8217;eau (0-40\u00b0F)<\/p>\n<p>NB : Utilisez ce type produit avec pr\u00e9caution. Avant toute utilisation, lisez l&#8217;\u00e9tiquette et les informations concernant le produit.<\/p>","protected":false},"excerpt":{"rendered":"<p>Cristal Bar. &#8211; Sutter D\u00e9tergent pour lave verres automatique \u00e0 effet s\u00e9chant. Adapt\u00e9 \u00e0 tous types de duret\u00e9 de l&#8217;eau (0-40\u00b0F) NB : Utilisez ce type produit avec pr\u00e9caution. Avant toute utilisation, lisez l&#8217;\u00e9tiquette et les informations concernant le produit.<\/p>\n","protected":false},"featured_media":0,"comment_status":"closed","ping_status":"closed","template":"","meta":{"_mi_skip_tracking":false},"product_cat":[89],"product_tag":[],"_links":{"self":[{"href":"https:\/\/procomed.ch\/en\/wp-json\/wp\/v2\/product\/605"}],"collection":[{"href":"https:\/\/procomed.ch\/en\/wp-json\/wp\/v2\/product"}],"about":[{"href":"https:\/\/procomed.ch\/en\/wp-json\/wp\/v2\/types\/product"}],"replies":[{"embeddable":true,"href":"https:\/\/procomed.ch\/en\/wp-json\/wp\/v2\/comments?post=605"}],"wp:attachment":[{"href":"https:\/\/procomed.ch\/en\/wp-json\/wp\/v2\/media?parent=605"}],"wp:term":[{"taxonomy":"product_cat","embeddable":true,"href":"https:\/\/procomed.ch\/en\/wp-json\/wp\/v2\/product_cat?post=605"},{"taxonomy":"product_tag","embeddable":true,"href":"https:\/\/procomed.ch\/en\/wp-json\/wp\/v2\/product_tag?post=605"}],"curies":[{"name":"wp","href":"https:\/\/api.w.org\/{rel}","templated":true}]}}