{"id":598,"date":"2016-10-06T07:33:09","date_gmt":"2016-10-06T06:33:09","guid":{"rendered":"https:\/\/procomed.ch\/produit\/c3535a\/"},"modified":"2017-07-14T16:22:13","modified_gmt":"2017-07-14T15:22:13","slug":"c3535a","status":"publish","type":"product","link":"https:\/\/procomed.ch\/en\/produit\/c3535a\/","title":{"rendered":"C3535A"},"content":{"rendered":"<p>Table de massage ecopostural, avec syst\u00e8me p\u00e9riph\u00e9rique \u00e9lectrique ou de r\u00e9glage hydraulique.<\/p>\n<p>Nous avons plusieurs mod\u00e8les \u00e0 votre disposition, contactez un de nos conseillers pour de plus amples renseignements.<\/p>","protected":false},"excerpt":{"rendered":"<p>Table de massage ecopostural, avec syst\u00e8me p\u00e9riph\u00e9rique \u00e9lectrique ou de r\u00e9glage hydraulique. Nous avons plusieurs mod\u00e8les \u00e0 votre disposition, contactez un de nos conseillers pour de plus amples renseignements.<\/p>\n","protected":false},"featured_media":1709,"comment_status":"closed","ping_status":"closed","template":"","meta":{"_mi_skip_tracking":false},"product_cat":[76,23],"product_tag":[],"_links":{"self":[{"href":"https:\/\/procomed.ch\/en\/wp-json\/wp\/v2\/product\/598"}],"collection":[{"href":"https:\/\/procomed.ch\/en\/wp-json\/wp\/v2\/product"}],"about":[{"href":"https:\/\/procomed.ch\/en\/wp-json\/wp\/v2\/types\/product"}],"replies":[{"embeddable":true,"href":"https:\/\/procomed.ch\/en\/wp-json\/wp\/v2\/comments?post=598"}],"wp:featuredmedia":[{"embeddable":true,"href":"https:\/\/procomed.ch\/en\/wp-json\/wp\/v2\/media\/1709"}],"wp:attachment":[{"href":"https:\/\/procomed.ch\/en\/wp-json\/wp\/v2\/media?parent=598"}],"wp:term":[{"taxonomy":"product_cat","embeddable":true,"href":"https:\/\/procomed.ch\/en\/wp-json\/wp\/v2\/product_cat?post=598"},{"taxonomy":"product_tag","embeddable":true,"href":"https:\/\/procomed.ch\/en\/wp-json\/wp\/v2\/product_tag?post=598"}],"curies":[{"name":"wp","href":"https:\/\/api.w.org\/{rel}","templated":true}]}}