{"id":596,"date":"2016-10-06T07:33:09","date_gmt":"2016-10-06T06:33:09","guid":{"rendered":"https:\/\/procomed.ch\/produit\/c3714s\/"},"modified":"2017-04-21T13:58:35","modified_gmt":"2017-04-21T12:58:35","slug":"c3714s","status":"publish","type":"product","link":"https:\/\/procomed.ch\/en\/produit\/c3714s\/","title":{"rendered":"C3714S"},"content":{"rendered":"<p>Table d&#8217;examen ecopostural, avec syst\u00e8me hydraulique.<\/p>\n<p>Nous avons plusieurs mod\u00e8les \u00e0 votre disposition, contactez un de nos conseillers pour de plus amples renseignements.<\/p>","protected":false},"excerpt":{"rendered":"<p>Table d&#8217;examen ecopostural, avec syst\u00e8me hydraulique. Nous avons plusieurs mod\u00e8les \u00e0 votre disposition, contactez un de nos conseillers pour de plus amples renseignements.<\/p>\n","protected":false},"featured_media":1614,"comment_status":"closed","ping_status":"closed","template":"","meta":{"_mi_skip_tracking":false},"product_cat":[76,23],"product_tag":[],"_links":{"self":[{"href":"https:\/\/procomed.ch\/en\/wp-json\/wp\/v2\/product\/596"}],"collection":[{"href":"https:\/\/procomed.ch\/en\/wp-json\/wp\/v2\/product"}],"about":[{"href":"https:\/\/procomed.ch\/en\/wp-json\/wp\/v2\/types\/product"}],"replies":[{"embeddable":true,"href":"https:\/\/procomed.ch\/en\/wp-json\/wp\/v2\/comments?post=596"}],"wp:featuredmedia":[{"embeddable":true,"href":"https:\/\/procomed.ch\/en\/wp-json\/wp\/v2\/media\/1614"}],"wp:attachment":[{"href":"https:\/\/procomed.ch\/en\/wp-json\/wp\/v2\/media?parent=596"}],"wp:term":[{"taxonomy":"product_cat","embeddable":true,"href":"https:\/\/procomed.ch\/en\/wp-json\/wp\/v2\/product_cat?post=596"},{"taxonomy":"product_tag","embeddable":true,"href":"https:\/\/procomed.ch\/en\/wp-json\/wp\/v2\/product_tag?post=596"}],"curies":[{"name":"wp","href":"https:\/\/api.w.org\/{rel}","templated":true}]}}