{"id":595,"date":"2016-10-06T07:33:09","date_gmt":"2016-10-06T06:33:09","guid":{"rendered":"https:\/\/procomed.ch\/produit\/c3525j\/"},"modified":"2017-04-13T13:10:30","modified_gmt":"2017-04-13T12:10:30","slug":"c3525j","status":"publish","type":"product","link":"https:\/\/procomed.ch\/en\/produit\/c3525j\/","title":{"rendered":"C3525J"},"content":{"rendered":"<p>Table d&#8217;examen ecopostural.<\/p>\n<p>Syst\u00e8me p\u00e9riph\u00e9rique \u00e9lectrique ou r\u00e9glage hydraulique.<\/p>","protected":false},"excerpt":{"rendered":"<p>Table d&#8217;examen ecopostural. Syst\u00e8me p\u00e9riph\u00e9rique \u00e9lectrique ou r\u00e9glage hydraulique.<\/p>\n","protected":false},"featured_media":1448,"comment_status":"closed","ping_status":"closed","template":"","meta":{"_mi_skip_tracking":false},"product_cat":[76],"product_tag":[],"_links":{"self":[{"href":"https:\/\/procomed.ch\/en\/wp-json\/wp\/v2\/product\/595"}],"collection":[{"href":"https:\/\/procomed.ch\/en\/wp-json\/wp\/v2\/product"}],"about":[{"href":"https:\/\/procomed.ch\/en\/wp-json\/wp\/v2\/types\/product"}],"replies":[{"embeddable":true,"href":"https:\/\/procomed.ch\/en\/wp-json\/wp\/v2\/comments?post=595"}],"wp:featuredmedia":[{"embeddable":true,"href":"https:\/\/procomed.ch\/en\/wp-json\/wp\/v2\/media\/1448"}],"wp:attachment":[{"href":"https:\/\/procomed.ch\/en\/wp-json\/wp\/v2\/media?parent=595"}],"wp:term":[{"taxonomy":"product_cat","embeddable":true,"href":"https:\/\/procomed.ch\/en\/wp-json\/wp\/v2\/product_cat?post=595"},{"taxonomy":"product_tag","embeddable":true,"href":"https:\/\/procomed.ch\/en\/wp-json\/wp\/v2\/product_tag?post=595"}],"curies":[{"name":"wp","href":"https:\/\/api.w.org\/{rel}","templated":true}]}}