{"id":594,"date":"2016-10-06T07:33:09","date_gmt":"2016-10-06T06:33:09","guid":{"rendered":"https:\/\/procomed.ch\/produit\/c3515h\/"},"modified":"2017-07-14T16:22:45","modified_gmt":"2017-07-14T15:22:45","slug":"c3515h","status":"publish","type":"product","link":"https:\/\/procomed.ch\/en\/produit\/c3515h\/","title":{"rendered":"C3515H"},"content":{"rendered":"<p>Table de massage ecopostural.<\/p>\n<p>Syst\u00e8me p\u00e9riph\u00e9rique \u00e9lectrique, avec possibilit\u00e9 d&#8217;ajouter des accoudoirs.<\/p>","protected":false},"excerpt":{"rendered":"<p>Table de massage ecopostural. Syst\u00e8me p\u00e9riph\u00e9rique \u00e9lectrique, avec possibilit\u00e9 d&#8217;ajouter des accoudoirs.<\/p>\n","protected":false},"featured_media":1704,"comment_status":"closed","ping_status":"closed","template":"","meta":{"_mi_skip_tracking":false},"product_cat":[76,23],"product_tag":[],"_links":{"self":[{"href":"https:\/\/procomed.ch\/en\/wp-json\/wp\/v2\/product\/594"}],"collection":[{"href":"https:\/\/procomed.ch\/en\/wp-json\/wp\/v2\/product"}],"about":[{"href":"https:\/\/procomed.ch\/en\/wp-json\/wp\/v2\/types\/product"}],"replies":[{"embeddable":true,"href":"https:\/\/procomed.ch\/en\/wp-json\/wp\/v2\/comments?post=594"}],"wp:featuredmedia":[{"embeddable":true,"href":"https:\/\/procomed.ch\/en\/wp-json\/wp\/v2\/media\/1704"}],"wp:attachment":[{"href":"https:\/\/procomed.ch\/en\/wp-json\/wp\/v2\/media?parent=594"}],"wp:term":[{"taxonomy":"product_cat","embeddable":true,"href":"https:\/\/procomed.ch\/en\/wp-json\/wp\/v2\/product_cat?post=594"},{"taxonomy":"product_tag","embeddable":true,"href":"https:\/\/procomed.ch\/en\/wp-json\/wp\/v2\/product_tag?post=594"}],"curies":[{"name":"wp","href":"https:\/\/api.w.org\/{rel}","templated":true}]}}