{"id":590,"date":"2016-10-06T07:33:09","date_gmt":"2016-10-06T06:33:09","guid":{"rendered":"https:\/\/procomed.ch\/produit\/c3532c\/"},"modified":"2017-08-23T15:16:48","modified_gmt":"2017-08-23T14:16:48","slug":"c7979","status":"publish","type":"product","link":"https:\/\/procomed.ch\/en\/produit\/c7979\/","title":{"rendered":"C3532C"},"content":{"rendered":"<p>Table d&#8217;examen ecopostural, avec syst\u00e8me p\u00e9riph\u00e9rique \u00e9lectrique ou de r\u00e9glage hydraulique.<\/p>\n<p>Nous avons plusieurs mod\u00e8les \u00e0 votre disposition, contactez un de nos conseillers pour de plus amples renseignements.<\/p>","protected":false},"excerpt":{"rendered":"<p>Table d&#8217;examen ecopostural, avec syst\u00e8me p\u00e9riph\u00e9rique \u00e9lectrique ou de r\u00e9glage hydraulique. Nous avons plusieurs mod\u00e8les \u00e0 votre disposition, contactez un de nos conseillers pour de plus amples renseignements.<\/p>\n","protected":false},"featured_media":1371,"comment_status":"closed","ping_status":"closed","template":"","meta":{"_mi_skip_tracking":false},"product_cat":[76],"product_tag":[],"_links":{"self":[{"href":"https:\/\/procomed.ch\/en\/wp-json\/wp\/v2\/product\/590"}],"collection":[{"href":"https:\/\/procomed.ch\/en\/wp-json\/wp\/v2\/product"}],"about":[{"href":"https:\/\/procomed.ch\/en\/wp-json\/wp\/v2\/types\/product"}],"replies":[{"embeddable":true,"href":"https:\/\/procomed.ch\/en\/wp-json\/wp\/v2\/comments?post=590"}],"wp:featuredmedia":[{"embeddable":true,"href":"https:\/\/procomed.ch\/en\/wp-json\/wp\/v2\/media\/1371"}],"wp:attachment":[{"href":"https:\/\/procomed.ch\/en\/wp-json\/wp\/v2\/media?parent=590"}],"wp:term":[{"taxonomy":"product_cat","embeddable":true,"href":"https:\/\/procomed.ch\/en\/wp-json\/wp\/v2\/product_cat?post=590"},{"taxonomy":"product_tag","embeddable":true,"href":"https:\/\/procomed.ch\/en\/wp-json\/wp\/v2\/product_tag?post=590"}],"curies":[{"name":"wp","href":"https:\/\/api.w.org\/{rel}","templated":true}]}}