{"id":589,"date":"2016-10-06T07:33:09","date_gmt":"2016-10-06T06:33:09","guid":{"rendered":"https:\/\/procomed.ch\/produit\/c3230j\/"},"modified":"2017-01-09T16:04:00","modified_gmt":"2017-01-09T15:04:00","slug":"c3230j","status":"publish","type":"product","link":"https:\/\/procomed.ch\/en\/produit\/c3230j\/","title":{"rendered":"C3230J"},"content":{"rendered":"<p>Table de massage ecopostural, fixe en bois, ou \u00e9poxy.<\/p>\n<p>Nous avons plusieurs mod\u00e8les \u00e0 votre disposition, contactez un de nos conseillers pour de plus amples renseignements.<\/p>","protected":false},"excerpt":{"rendered":"<p>Table de massage ecopostural, fixe en bois, ou \u00e9poxy. Nous avons plusieurs mod\u00e8les \u00e0 votre disposition, contactez un de nos conseillers pour de plus amples renseignements.<\/p>\n","protected":false},"featured_media":0,"comment_status":"closed","ping_status":"closed","template":"","meta":{"_mi_skip_tracking":false},"product_cat":[75],"product_tag":[],"_links":{"self":[{"href":"https:\/\/procomed.ch\/en\/wp-json\/wp\/v2\/product\/589"}],"collection":[{"href":"https:\/\/procomed.ch\/en\/wp-json\/wp\/v2\/product"}],"about":[{"href":"https:\/\/procomed.ch\/en\/wp-json\/wp\/v2\/types\/product"}],"replies":[{"embeddable":true,"href":"https:\/\/procomed.ch\/en\/wp-json\/wp\/v2\/comments?post=589"}],"wp:attachment":[{"href":"https:\/\/procomed.ch\/en\/wp-json\/wp\/v2\/media?parent=589"}],"wp:term":[{"taxonomy":"product_cat","embeddable":true,"href":"https:\/\/procomed.ch\/en\/wp-json\/wp\/v2\/product_cat?post=589"},{"taxonomy":"product_tag","embeddable":true,"href":"https:\/\/procomed.ch\/en\/wp-json\/wp\/v2\/product_tag?post=589"}],"curies":[{"name":"wp","href":"https:\/\/api.w.org\/{rel}","templated":true}]}}