{"id":586,"date":"2016-10-06T07:33:09","date_gmt":"2016-10-06T06:33:09","guid":{"rendered":"https:\/\/procomed.ch\/produit\/gueridon\/"},"modified":"2024-09-16T12:12:53","modified_gmt":"2024-09-16T10:12:53","slug":"gueridon","status":"publish","type":"product","link":"https:\/\/procomed.ch\/en\/produit\/gueridon\/","title":{"rendered":"gu\u00e9ridon"},"content":{"rendered":"<p>Gu\u00e9ridons \u00e0 plateaux plats.<\/p>\n<p>Tubes carr\u00e9s ou ronds, inox ou epoxy.<\/p>\n<p>Le nombre de plateaux et de galeries est \u00e0 d\u00e9terminer avec un de nos conseillers.<\/p>","protected":false},"excerpt":{"rendered":"<p>Gu\u00e9ridons \u00e0 plateaux plats. Tubes carr\u00e9s ou ronds, inox ou epoxy. Le nombre de plateaux et de galeries est \u00e0 d\u00e9terminer avec un de nos conseillers.<\/p>\n","protected":false},"featured_media":4069,"comment_status":"closed","ping_status":"closed","template":"","meta":{"_mi_skip_tracking":false},"product_cat":[78,23],"product_tag":[],"_links":{"self":[{"href":"https:\/\/procomed.ch\/en\/wp-json\/wp\/v2\/product\/586"}],"collection":[{"href":"https:\/\/procomed.ch\/en\/wp-json\/wp\/v2\/product"}],"about":[{"href":"https:\/\/procomed.ch\/en\/wp-json\/wp\/v2\/types\/product"}],"replies":[{"embeddable":true,"href":"https:\/\/procomed.ch\/en\/wp-json\/wp\/v2\/comments?post=586"}],"wp:featuredmedia":[{"embeddable":true,"href":"https:\/\/procomed.ch\/en\/wp-json\/wp\/v2\/media\/4069"}],"wp:attachment":[{"href":"https:\/\/procomed.ch\/en\/wp-json\/wp\/v2\/media?parent=586"}],"wp:term":[{"taxonomy":"product_cat","embeddable":true,"href":"https:\/\/procomed.ch\/en\/wp-json\/wp\/v2\/product_cat?post=586"},{"taxonomy":"product_tag","embeddable":true,"href":"https:\/\/procomed.ch\/en\/wp-json\/wp\/v2\/product_tag?post=586"}],"curies":[{"name":"wp","href":"https:\/\/api.w.org\/{rel}","templated":true}]}}