{"id":585,"date":"2016-10-06T07:33:09","date_gmt":"2016-10-06T06:33:09","guid":{"rendered":"https:\/\/procomed.ch\/produit\/gueridon-emb\/"},"modified":"2024-09-16T12:12:04","modified_gmt":"2024-09-16T10:12:04","slug":"gueridon-emb","status":"publish","type":"product","link":"https:\/\/procomed.ch\/en\/produit\/gueridon-emb\/","title":{"rendered":"gu\u00e9ridon emb"},"content":{"rendered":"<p>Gu\u00e9ridons \u00e0 plateaux emboutis.<\/p>\n<p>Tubes carr\u00e9s ou ronds, inox ou \u00e9poxy.<\/p>\n<p>Le nombre de plateaux et de galeries est \u00e0 d\u00e9terminer avec un de nos conseillers.<\/p>","protected":false},"excerpt":{"rendered":"<p>Gu\u00e9ridons \u00e0 plateaux emboutis. Tubes carr\u00e9s ou ronds, inox ou \u00e9poxy. Le nombre de plateaux et de galeries est \u00e0 d\u00e9terminer avec un de nos conseillers.<\/p>\n","protected":false},"featured_media":4068,"comment_status":"closed","ping_status":"closed","template":"","meta":{"_mi_skip_tracking":false},"product_cat":[78,23],"product_tag":[],"_links":{"self":[{"href":"https:\/\/procomed.ch\/en\/wp-json\/wp\/v2\/product\/585"}],"collection":[{"href":"https:\/\/procomed.ch\/en\/wp-json\/wp\/v2\/product"}],"about":[{"href":"https:\/\/procomed.ch\/en\/wp-json\/wp\/v2\/types\/product"}],"replies":[{"embeddable":true,"href":"https:\/\/procomed.ch\/en\/wp-json\/wp\/v2\/comments?post=585"}],"wp:featuredmedia":[{"embeddable":true,"href":"https:\/\/procomed.ch\/en\/wp-json\/wp\/v2\/media\/4068"}],"wp:attachment":[{"href":"https:\/\/procomed.ch\/en\/wp-json\/wp\/v2\/media?parent=585"}],"wp:term":[{"taxonomy":"product_cat","embeddable":true,"href":"https:\/\/procomed.ch\/en\/wp-json\/wp\/v2\/product_cat?post=585"},{"taxonomy":"product_tag","embeddable":true,"href":"https:\/\/procomed.ch\/en\/wp-json\/wp\/v2\/product_tag?post=585"}],"curies":[{"name":"wp","href":"https:\/\/api.w.org\/{rel}","templated":true}]}}