{"id":584,"date":"2016-10-06T07:33:09","date_gmt":"2016-10-06T06:33:09","guid":{"rendered":"https:\/\/procomed.ch\/produit\/gueridon-tir\/"},"modified":"2024-09-16T12:05:34","modified_gmt":"2024-09-16T10:05:34","slug":"gueridon-tir","status":"publish","type":"product","link":"https:\/\/procomed.ch\/en\/produit\/gueridon-tir\/","title":{"rendered":"gu\u00e9ridon tir"},"content":{"rendered":"<p>G\u00e9ridon d&#8217;anesth\u00e9sie.<\/p>\n<p>Pour r\u00e9pondre \u00e0 vos besoins sp\u00e9cifiques, vous pouvez concevoir vous-m\u00eame votre gu\u00e9ridon : choisissez le mod\u00e8le, la taille, les \u00e9quipements et options.<\/p>","protected":false},"excerpt":{"rendered":"<p>G\u00e9ridon d&#8217;anesth\u00e9sie. Pour r\u00e9pondre \u00e0 vos besoins sp\u00e9cifiques, vous pouvez concevoir vous-m\u00eame votre gu\u00e9ridon : choisissez le mod\u00e8le, la taille, les \u00e9quipements et options.<\/p>\n","protected":false},"featured_media":4066,"comment_status":"closed","ping_status":"closed","template":"","meta":{"_mi_skip_tracking":false},"product_cat":[78,23],"product_tag":[],"_links":{"self":[{"href":"https:\/\/procomed.ch\/en\/wp-json\/wp\/v2\/product\/584"}],"collection":[{"href":"https:\/\/procomed.ch\/en\/wp-json\/wp\/v2\/product"}],"about":[{"href":"https:\/\/procomed.ch\/en\/wp-json\/wp\/v2\/types\/product"}],"replies":[{"embeddable":true,"href":"https:\/\/procomed.ch\/en\/wp-json\/wp\/v2\/comments?post=584"}],"wp:featuredmedia":[{"embeddable":true,"href":"https:\/\/procomed.ch\/en\/wp-json\/wp\/v2\/media\/4066"}],"wp:attachment":[{"href":"https:\/\/procomed.ch\/en\/wp-json\/wp\/v2\/media?parent=584"}],"wp:term":[{"taxonomy":"product_cat","embeddable":true,"href":"https:\/\/procomed.ch\/en\/wp-json\/wp\/v2\/product_cat?post=584"},{"taxonomy":"product_tag","embeddable":true,"href":"https:\/\/procomed.ch\/en\/wp-json\/wp\/v2\/product_tag?post=584"}],"curies":[{"name":"wp","href":"https:\/\/api.w.org\/{rel}","templated":true}]}}