{"id":576,"date":"2016-10-06T07:32:15","date_gmt":"2016-10-06T06:32:15","guid":{"rendered":"https:\/\/procomed.ch\/produit\/c3527r\/"},"modified":"2017-04-21T11:16:11","modified_gmt":"2017-04-21T10:16:11","slug":"c3527r","status":"publish","type":"product","link":"https:\/\/procomed.ch\/en\/produit\/c3527r\/","title":{"rendered":"C3527R"},"content":{"rendered":"<p>Table d&#8217;examen ecopostural, 3 plans,avec syst\u00e8me p\u00e9riph\u00e9rique \u00e9lectrique ou r\u00e9glage hydraulique.<\/p>","protected":false},"excerpt":{"rendered":"<p>Table d&#8217;examen ecopostural, 3 plans,avec syst\u00e8me p\u00e9riph\u00e9rique \u00e9lectrique ou r\u00e9glage hydraulique.<\/p>\n","protected":false},"featured_media":1607,"comment_status":"closed","ping_status":"closed","template":"","meta":{"_mi_skip_tracking":false},"product_cat":[76,23],"product_tag":[],"_links":{"self":[{"href":"https:\/\/procomed.ch\/en\/wp-json\/wp\/v2\/product\/576"}],"collection":[{"href":"https:\/\/procomed.ch\/en\/wp-json\/wp\/v2\/product"}],"about":[{"href":"https:\/\/procomed.ch\/en\/wp-json\/wp\/v2\/types\/product"}],"replies":[{"embeddable":true,"href":"https:\/\/procomed.ch\/en\/wp-json\/wp\/v2\/comments?post=576"}],"wp:featuredmedia":[{"embeddable":true,"href":"https:\/\/procomed.ch\/en\/wp-json\/wp\/v2\/media\/1607"}],"wp:attachment":[{"href":"https:\/\/procomed.ch\/en\/wp-json\/wp\/v2\/media?parent=576"}],"wp:term":[{"taxonomy":"product_cat","embeddable":true,"href":"https:\/\/procomed.ch\/en\/wp-json\/wp\/v2\/product_cat?post=576"},{"taxonomy":"product_tag","embeddable":true,"href":"https:\/\/procomed.ch\/en\/wp-json\/wp\/v2\/product_tag?post=576"}],"curies":[{"name":"wp","href":"https:\/\/api.w.org\/{rel}","templated":true}]}}