{"id":575,"date":"2016-10-06T07:32:15","date_gmt":"2016-10-06T06:32:15","guid":{"rendered":"https:\/\/procomed.ch\/produit\/c3536r\/"},"modified":"2017-07-14T16:34:54","modified_gmt":"2017-07-14T15:34:54","slug":"table-multi-fonction-c5931-5930-7930-5530-7530-5731-7531-5730-5730","status":"publish","type":"product","link":"https:\/\/procomed.ch\/en\/produit\/table-multi-fonction-c5931-5930-7930-5530-7530-5731-7531-5730-5730\/","title":{"rendered":"C3536R"},"content":{"rendered":"<p>Table d&#8217;examen ecopostural, avec 3 plans et syst\u00e8me p\u00e9riph\u00e9rique \u00e9lectrique ou hydraulique.<\/p>\n<p>Nous avons plusieurs mod\u00e8les \u00e0 votre disposition, contactez un de nos conseillers pour de plus amples renseignements.<\/p>","protected":false},"excerpt":{"rendered":"<p>Table d&#8217;examen ecopostural, avec 3 plans et syst\u00e8me p\u00e9riph\u00e9rique \u00e9lectrique ou hydraulique. Nous avons plusieurs mod\u00e8les \u00e0 votre disposition, contactez un de nos conseillers pour de plus amples renseignements.<\/p>\n","protected":false},"featured_media":1201,"comment_status":"closed","ping_status":"closed","template":"","meta":{"_mi_skip_tracking":false},"product_cat":[76],"product_tag":[],"_links":{"self":[{"href":"https:\/\/procomed.ch\/en\/wp-json\/wp\/v2\/product\/575"}],"collection":[{"href":"https:\/\/procomed.ch\/en\/wp-json\/wp\/v2\/product"}],"about":[{"href":"https:\/\/procomed.ch\/en\/wp-json\/wp\/v2\/types\/product"}],"replies":[{"embeddable":true,"href":"https:\/\/procomed.ch\/en\/wp-json\/wp\/v2\/comments?post=575"}],"wp:featuredmedia":[{"embeddable":true,"href":"https:\/\/procomed.ch\/en\/wp-json\/wp\/v2\/media\/1201"}],"wp:attachment":[{"href":"https:\/\/procomed.ch\/en\/wp-json\/wp\/v2\/media?parent=575"}],"wp:term":[{"taxonomy":"product_cat","embeddable":true,"href":"https:\/\/procomed.ch\/en\/wp-json\/wp\/v2\/product_cat?post=575"},{"taxonomy":"product_tag","embeddable":true,"href":"https:\/\/procomed.ch\/en\/wp-json\/wp\/v2\/product_tag?post=575"}],"curies":[{"name":"wp","href":"https:\/\/api.w.org\/{rel}","templated":true}]}}