{"id":565,"date":"2016-10-06T07:32:15","date_gmt":"2016-10-06T06:32:15","guid":{"rendered":"https:\/\/procomed.ch\/produit\/s2609\/"},"modified":"2021-07-16T13:42:34","modified_gmt":"2021-07-16T11:42:34","slug":"s2609","status":"publish","type":"product","link":"https:\/\/procomed.ch\/en\/produit\/s2609\/","title":{"rendered":"S2609"},"content":{"rendered":"<p>Tabouret ecopostural.<\/p>\n<p>Tournant et r\u00e9glable en hauteur par v\u00e9rin \u00e0 gaz.<\/p>\n<p>Dossier r\u00e9glable en hauteur et profondeur.<\/p>\n<p>Existe en base noire ou chrom\u00e9e.<\/p>","protected":false},"excerpt":{"rendered":"<p>Tabouret ecopostural. Tournant et r\u00e9glable en hauteur par v\u00e9rin \u00e0 gaz. Dossier r\u00e9glable en hauteur et profondeur. Existe en base noire ou chrom\u00e9e.<\/p>\n","protected":false},"featured_media":3596,"comment_status":"closed","ping_status":"closed","template":"","meta":{"_mi_skip_tracking":false},"product_cat":[23,578,74],"product_tag":[],"_links":{"self":[{"href":"https:\/\/procomed.ch\/en\/wp-json\/wp\/v2\/product\/565"}],"collection":[{"href":"https:\/\/procomed.ch\/en\/wp-json\/wp\/v2\/product"}],"about":[{"href":"https:\/\/procomed.ch\/en\/wp-json\/wp\/v2\/types\/product"}],"replies":[{"embeddable":true,"href":"https:\/\/procomed.ch\/en\/wp-json\/wp\/v2\/comments?post=565"}],"wp:featuredmedia":[{"embeddable":true,"href":"https:\/\/procomed.ch\/en\/wp-json\/wp\/v2\/media\/3596"}],"wp:attachment":[{"href":"https:\/\/procomed.ch\/en\/wp-json\/wp\/v2\/media?parent=565"}],"wp:term":[{"taxonomy":"product_cat","embeddable":true,"href":"https:\/\/procomed.ch\/en\/wp-json\/wp\/v2\/product_cat?post=565"},{"taxonomy":"product_tag","embeddable":true,"href":"https:\/\/procomed.ch\/en\/wp-json\/wp\/v2\/product_tag?post=565"}],"curies":[{"name":"wp","href":"https:\/\/api.w.org\/{rel}","templated":true}]}}