{"id":564,"date":"2016-10-06T07:32:15","date_gmt":"2016-10-06T06:32:15","guid":{"rendered":"https:\/\/procomed.ch\/produit\/d-med-isis-duo\/"},"modified":"2022-09-01T16:07:34","modified_gmt":"2022-09-01T14:07:34","slug":"d-med-isis-duo","status":"publish","type":"product","link":"https:\/\/procomed.ch\/en\/produit\/d-med-isis-duo\/","title":{"rendered":"D med isis Duo"},"content":{"rendered":"<p>Lampe halog\u00e8ne.<\/p>\n<p>24 V \/ 75 W ; 2 x env. 55000 Lux\/1m.<\/p>\n<p>Poign\u00e9e d\u00e9montable, st\u00e9rilisable et autoclavable \u00e0 135\u00b0C, livr\u00e9e avec 2 poign\u00e9es source lumineuse de rechange int\u00e9gr\u00e9e dans le r\u00e9<\/p>","protected":false},"excerpt":{"rendered":"<p>Lampe halog\u00e8ne. 24 V \/ 75 W ; 2 x env. 55000 Lux\/1m. Poign\u00e9e d\u00e9montable, st\u00e9rilisable et autoclavable \u00e0 135\u00b0C, livr\u00e9e avec 2 poign\u00e9es source lumineuse de rechange int\u00e9gr\u00e9e dans le r\u00e9<\/p>\n","protected":false},"featured_media":3841,"comment_status":"closed","ping_status":"closed","template":"","meta":{"_mi_skip_tracking":false},"product_cat":[79,23],"product_tag":[],"_links":{"self":[{"href":"https:\/\/procomed.ch\/en\/wp-json\/wp\/v2\/product\/564"}],"collection":[{"href":"https:\/\/procomed.ch\/en\/wp-json\/wp\/v2\/product"}],"about":[{"href":"https:\/\/procomed.ch\/en\/wp-json\/wp\/v2\/types\/product"}],"replies":[{"embeddable":true,"href":"https:\/\/procomed.ch\/en\/wp-json\/wp\/v2\/comments?post=564"}],"wp:featuredmedia":[{"embeddable":true,"href":"https:\/\/procomed.ch\/en\/wp-json\/wp\/v2\/media\/3841"}],"wp:attachment":[{"href":"https:\/\/procomed.ch\/en\/wp-json\/wp\/v2\/media?parent=564"}],"wp:term":[{"taxonomy":"product_cat","embeddable":true,"href":"https:\/\/procomed.ch\/en\/wp-json\/wp\/v2\/product_cat?post=564"},{"taxonomy":"product_tag","embeddable":true,"href":"https:\/\/procomed.ch\/en\/wp-json\/wp\/v2\/product_tag?post=564"}],"curies":[{"name":"wp","href":"https:\/\/api.w.org\/{rel}","templated":true}]}}