{"id":562,"date":"2016-10-06T07:32:15","date_gmt":"2016-10-06T06:32:15","guid":{"rendered":"https:\/\/procomed.ch\/produit\/d-med-iris\/"},"modified":"2022-09-01T16:12:25","modified_gmt":"2022-09-01T14:12:25","slug":"d-med-iris","status":"publish","type":"product","link":"https:\/\/procomed.ch\/en\/produit\/d-med-iris\/","title":{"rendered":"D med iris"},"content":{"rendered":"<p>Lampe halog\u00e8ne.<\/p>\n<p>12 V \/ 50 W ; env. 35000 Lux \/ 1 m<\/p>\n<p>Poign\u00e9e d\u00e9montable et st\u00e9rilisable. Filtre de correction chromatique ( 4000 K )<\/p>","protected":false},"excerpt":{"rendered":"<p>Lampe halog\u00e8ne. 12 V \/ 50 W ; env. 35000 Lux \/ 1 m Poign\u00e9e d\u00e9montable et st\u00e9rilisable. Filtre de correction chromatique ( 4000 K )<\/p>\n","protected":false},"featured_media":3837,"comment_status":"closed","ping_status":"closed","template":"","meta":{"_mi_skip_tracking":false},"product_cat":[79,23],"product_tag":[],"_links":{"self":[{"href":"https:\/\/procomed.ch\/en\/wp-json\/wp\/v2\/product\/562"}],"collection":[{"href":"https:\/\/procomed.ch\/en\/wp-json\/wp\/v2\/product"}],"about":[{"href":"https:\/\/procomed.ch\/en\/wp-json\/wp\/v2\/types\/product"}],"replies":[{"embeddable":true,"href":"https:\/\/procomed.ch\/en\/wp-json\/wp\/v2\/comments?post=562"}],"wp:featuredmedia":[{"embeddable":true,"href":"https:\/\/procomed.ch\/en\/wp-json\/wp\/v2\/media\/3837"}],"wp:attachment":[{"href":"https:\/\/procomed.ch\/en\/wp-json\/wp\/v2\/media?parent=562"}],"wp:term":[{"taxonomy":"product_cat","embeddable":true,"href":"https:\/\/procomed.ch\/en\/wp-json\/wp\/v2\/product_cat?post=562"},{"taxonomy":"product_tag","embeddable":true,"href":"https:\/\/procomed.ch\/en\/wp-json\/wp\/v2\/product_tag?post=562"}],"curies":[{"name":"wp","href":"https:\/\/api.w.org\/{rel}","templated":true}]}}