{"id":558,"date":"2016-10-06T07:31:23","date_gmt":"2016-10-06T06:31:23","guid":{"rendered":"https:\/\/procomed.ch\/produit\/lampe-loupe\/"},"modified":"2022-09-01T16:13:59","modified_gmt":"2022-09-01T14:13:59","slug":"lampe-loupe","status":"publish","type":"product","link":"https:\/\/procomed.ch\/en\/produit\/lampe-loupe\/","title":{"rendered":"Lampe loupe"},"content":{"rendered":"<p>Lampe loupe pour examen ou laboratoire.<\/p>\n<p>22 W, tube fluorescent circline.<\/p>\n<p>Loupe : 305 dioptries (interchangeables disponible en 4 et 6 dioptries).<\/p>\n<p>Prot\u00e8ge optique int\u00e9gr\u00e9.<\/p>","protected":false},"excerpt":{"rendered":"<p>Lampe loupe pour examen ou laboratoire. 22 W, tube fluorescent circline. Loupe : 305 dioptries (interchangeables disponible en 4 et 6 dioptries). Prot\u00e8ge optique int\u00e9gr\u00e9.<\/p>\n","protected":false},"featured_media":3850,"comment_status":"closed","ping_status":"closed","template":"","meta":{"_mi_skip_tracking":false},"product_cat":[79,23],"product_tag":[],"_links":{"self":[{"href":"https:\/\/procomed.ch\/en\/wp-json\/wp\/v2\/product\/558"}],"collection":[{"href":"https:\/\/procomed.ch\/en\/wp-json\/wp\/v2\/product"}],"about":[{"href":"https:\/\/procomed.ch\/en\/wp-json\/wp\/v2\/types\/product"}],"replies":[{"embeddable":true,"href":"https:\/\/procomed.ch\/en\/wp-json\/wp\/v2\/comments?post=558"}],"wp:featuredmedia":[{"embeddable":true,"href":"https:\/\/procomed.ch\/en\/wp-json\/wp\/v2\/media\/3850"}],"wp:attachment":[{"href":"https:\/\/procomed.ch\/en\/wp-json\/wp\/v2\/media?parent=558"}],"wp:term":[{"taxonomy":"product_cat","embeddable":true,"href":"https:\/\/procomed.ch\/en\/wp-json\/wp\/v2\/product_cat?post=558"},{"taxonomy":"product_tag","embeddable":true,"href":"https:\/\/procomed.ch\/en\/wp-json\/wp\/v2\/product_tag?post=558"}],"curies":[{"name":"wp","href":"https:\/\/api.w.org\/{rel}","templated":true}]}}