{"id":556,"date":"2016-10-06T07:31:23","date_gmt":"2016-10-06T06:31:23","guid":{"rendered":"https:\/\/procomed.ch\/produit\/quest\/"},"modified":"2025-02-18T10:07:48","modified_gmt":"2025-02-18T09:07:48","slug":"quest","status":"publish","type":"product","link":"https:\/\/procomed.ch\/en\/produit\/quest\/","title":{"rendered":"QUEST"},"content":{"rendered":"<p>Table d&#8217;examen \u00e9lectrique Promotal. Structure acier avec finition \u00e9poxy, dossier r\u00e9glable par v\u00e9rin \u00e0 gaz ou v\u00e9rin \u00e9lectrique. Position proclive-d\u00e9clive.<\/p>\n<p>Plusieurs options \u00e0 votre disposition.<\/p>\n<p>Capacit\u00e9 de 200 KG.<\/p>","protected":false},"excerpt":{"rendered":"<p>Table d&#8217;examen \u00e9lectrique Promotal. Structure acier avec finition \u00e9poxy, dossier r\u00e9glable par v\u00e9rin \u00e0 gaz ou v\u00e9rin \u00e9lectrique. Position proclive-d\u00e9clive. Plusieurs options \u00e0 votre disposition. Capacit\u00e9 de 200 KG.<\/p>\n","protected":false},"featured_media":4419,"comment_status":"closed","ping_status":"closed","template":"","meta":{"_mi_skip_tracking":false},"product_cat":[76],"product_tag":[],"_links":{"self":[{"href":"https:\/\/procomed.ch\/en\/wp-json\/wp\/v2\/product\/556"}],"collection":[{"href":"https:\/\/procomed.ch\/en\/wp-json\/wp\/v2\/product"}],"about":[{"href":"https:\/\/procomed.ch\/en\/wp-json\/wp\/v2\/types\/product"}],"replies":[{"embeddable":true,"href":"https:\/\/procomed.ch\/en\/wp-json\/wp\/v2\/comments?post=556"}],"wp:featuredmedia":[{"embeddable":true,"href":"https:\/\/procomed.ch\/en\/wp-json\/wp\/v2\/media\/4419"}],"wp:attachment":[{"href":"https:\/\/procomed.ch\/en\/wp-json\/wp\/v2\/media?parent=556"}],"wp:term":[{"taxonomy":"product_cat","embeddable":true,"href":"https:\/\/procomed.ch\/en\/wp-json\/wp\/v2\/product_cat?post=556"},{"taxonomy":"product_tag","embeddable":true,"href":"https:\/\/procomed.ch\/en\/wp-json\/wp\/v2\/product_tag?post=556"}],"curies":[{"name":"wp","href":"https:\/\/api.w.org\/{rel}","templated":true}]}}