{"id":545,"date":"2016-10-06T07:31:22","date_gmt":"2016-10-06T06:31:22","guid":{"rendered":"https:\/\/procomed.ch\/produit\/babyphon\/"},"modified":"2025-03-27T15:47:56","modified_gmt":"2025-03-27T14:47:56","slug":"evolv-omron","status":"publish","type":"product","link":"https:\/\/procomed.ch\/en\/produit\/evolv-omron\/","title":{"rendered":"Babyphon"},"content":{"rendered":"<p>Tensiom\u00e8tre manopoire sp\u00e9cialement con\u00e7u pour l&#8217;usage en cabinets de p\u00e9diatrie et en \u00e9tablissement hospitaliers, livr\u00e9 avec 3 brassards.<\/p>\n<p>Poign\u00e9e-cuill\u00e8re ergonomique en acier inoxydable.<\/p>\n<p>Pour plus de renseignements, contacter un conseiller.<\/p>","protected":false},"excerpt":{"rendered":"<p>Tensiom\u00e8tre manopoire sp\u00e9cialement con\u00e7u pour l&#8217;usage en cabinets de p\u00e9diatrie et en \u00e9tablissement hospitaliers, livr\u00e9 avec 3 brassards. Poign\u00e9e-cuill\u00e8re ergonomique en acier inoxydable. Pour plus de renseignements, contacter un conseiller.<\/p>\n","protected":false},"featured_media":4460,"comment_status":"closed","ping_status":"closed","template":"","meta":{"_mi_skip_tracking":false},"product_cat":[70],"product_tag":[],"_links":{"self":[{"href":"https:\/\/procomed.ch\/en\/wp-json\/wp\/v2\/product\/545"}],"collection":[{"href":"https:\/\/procomed.ch\/en\/wp-json\/wp\/v2\/product"}],"about":[{"href":"https:\/\/procomed.ch\/en\/wp-json\/wp\/v2\/types\/product"}],"replies":[{"embeddable":true,"href":"https:\/\/procomed.ch\/en\/wp-json\/wp\/v2\/comments?post=545"}],"wp:featuredmedia":[{"embeddable":true,"href":"https:\/\/procomed.ch\/en\/wp-json\/wp\/v2\/media\/4460"}],"wp:attachment":[{"href":"https:\/\/procomed.ch\/en\/wp-json\/wp\/v2\/media?parent=545"}],"wp:term":[{"taxonomy":"product_cat","embeddable":true,"href":"https:\/\/procomed.ch\/en\/wp-json\/wp\/v2\/product_cat?post=545"},{"taxonomy":"product_tag","embeddable":true,"href":"https:\/\/procomed.ch\/en\/wp-json\/wp\/v2\/product_tag?post=545"}],"curies":[{"name":"wp","href":"https:\/\/api.w.org\/{rel}","templated":true}]}}