{"id":536,"date":"2016-10-06T07:30:26","date_gmt":"2016-10-06T06:30:26","guid":{"rendered":"https:\/\/procomed.ch\/produit\/cardio-m\/"},"modified":"2017-01-03T15:33:07","modified_gmt":"2017-01-03T14:33:07","slug":"cardio-m","status":"publish","type":"product","link":"https:\/\/procomed.ch\/en\/produit\/cardio-m\/","title":{"rendered":"Cardio M"},"content":{"rendered":"<p>ECG Cardio M. Compact, performant et \u00e9conomique.<\/p>\n<p>ECG de repos 12 pistes, gain de temps par rapport aux ECG 3 \/ 6 pistes<\/p>\n<p>Mesure tr\u00e8s pr\u00e9cise avec interpr\u00e9tation sur papier (impression claire en format A4)<\/p>\n<p>Enregistrement ECG manuel ou 10 secondes pour interpr\u00e9tation<\/p>\n<p>Enregistrement de 12 pistes simultan\u00e9ment ou par groupes (2 x 6, 3 x 4<\/p>\n<p>Impression du ryhtme (par 3 ou 6 canaux)<\/p>\n<p>Logiciel d&#8217;interface pour la connexion PC<\/p>","protected":false},"excerpt":{"rendered":"<p>ECG Cardio M. Compact, performant et \u00e9conomique. ECG de repos 12 pistes, gain de temps par rapport aux ECG 3 \/ 6 pistes Mesure tr\u00e8s pr\u00e9cise avec interpr\u00e9tation sur papier (impression claire en format A4) Enregistrement ECG manuel ou 10 secondes pour interpr\u00e9tation Enregistrement de 12 pistes simultan\u00e9ment ou par groupes (2 x 6, 3 [&hellip;]<\/p>\n","protected":false},"featured_media":0,"comment_status":"closed","ping_status":"closed","template":"","meta":{"_mi_skip_tracking":false},"product_cat":[65],"product_tag":[],"_links":{"self":[{"href":"https:\/\/procomed.ch\/en\/wp-json\/wp\/v2\/product\/536"}],"collection":[{"href":"https:\/\/procomed.ch\/en\/wp-json\/wp\/v2\/product"}],"about":[{"href":"https:\/\/procomed.ch\/en\/wp-json\/wp\/v2\/types\/product"}],"replies":[{"embeddable":true,"href":"https:\/\/procomed.ch\/en\/wp-json\/wp\/v2\/comments?post=536"}],"wp:attachment":[{"href":"https:\/\/procomed.ch\/en\/wp-json\/wp\/v2\/media?parent=536"}],"wp:term":[{"taxonomy":"product_cat","embeddable":true,"href":"https:\/\/procomed.ch\/en\/wp-json\/wp\/v2\/product_cat?post=536"},{"taxonomy":"product_tag","embeddable":true,"href":"https:\/\/procomed.ch\/en\/wp-json\/wp\/v2\/product_tag?post=536"}],"curies":[{"name":"wp","href":"https:\/\/api.w.org\/{rel}","templated":true}]}}