{"id":535,"date":"2016-10-06T07:30:26","date_gmt":"2016-10-06T06:30:26","guid":{"rendered":"https:\/\/procomed.ch\/produit\/nega-001\/"},"modified":"2017-01-09T14:11:16","modified_gmt":"2017-01-09T13:11:16","slug":"nega-001","status":"publish","type":"product","link":"https:\/\/procomed.ch\/en\/produit\/nega-001\/","title":{"rendered":"NEGA 001"},"content":{"rendered":"<p>N\u00e9gatoscopes \u00e0 interrupteur. 1\/2 plages ou 3\/4\/5 plages. Corps disiv\u00e9 en plage utilisable s\u00e9par\u00e9ment, Illumination homog\u00e8ne \u00e0 lumi\u00e8re fluorescente (54 W par plage)<\/p>","protected":false},"excerpt":{"rendered":"<p>N\u00e9gatoscopes \u00e0 interrupteur. 1\/2 plages ou 3\/4\/5 plages. Corps disiv\u00e9 en plage utilisable s\u00e9par\u00e9ment, Illumination homog\u00e8ne \u00e0 lumi\u00e8re fluorescente (54 W par plage)<\/p>\n","protected":false},"featured_media":0,"comment_status":"closed","ping_status":"closed","template":"","meta":{"_mi_skip_tracking":false},"product_cat":[67],"product_tag":[],"_links":{"self":[{"href":"https:\/\/procomed.ch\/en\/wp-json\/wp\/v2\/product\/535"}],"collection":[{"href":"https:\/\/procomed.ch\/en\/wp-json\/wp\/v2\/product"}],"about":[{"href":"https:\/\/procomed.ch\/en\/wp-json\/wp\/v2\/types\/product"}],"replies":[{"embeddable":true,"href":"https:\/\/procomed.ch\/en\/wp-json\/wp\/v2\/comments?post=535"}],"wp:attachment":[{"href":"https:\/\/procomed.ch\/en\/wp-json\/wp\/v2\/media?parent=535"}],"wp:term":[{"taxonomy":"product_cat","embeddable":true,"href":"https:\/\/procomed.ch\/en\/wp-json\/wp\/v2\/product_cat?post=535"},{"taxonomy":"product_tag","embeddable":true,"href":"https:\/\/procomed.ch\/en\/wp-json\/wp\/v2\/product_tag?post=535"}],"curies":[{"name":"wp","href":"https:\/\/api.w.org\/{rel}","templated":true}]}}