{"id":529,"date":"2016-10-06T07:30:26","date_gmt":"2016-10-06T06:30:26","guid":{"rendered":"https:\/\/procomed.ch\/produit\/nega-002\/"},"modified":"2017-01-09T14:10:01","modified_gmt":"2017-01-09T13:10:01","slug":"nega-002","status":"publish","type":"product","link":"https:\/\/procomed.ch\/en\/produit\/nega-002\/","title":{"rendered":"NEGA 002"},"content":{"rendered":"<p>N\u00e9gatoscopes standards \u00e0 variateur d&#8217;intensit\u00e9. 3\/4 et 5 plages. Corps disiv\u00e9 en plage utilisable s\u00e9par\u00e9ment, Illumination homog\u00e8ne \u00e0 lumi\u00e8re fluorescente (54 W par plage)<\/p>","protected":false},"excerpt":{"rendered":"<p>N\u00e9gatoscopes standards \u00e0 variateur d&#8217;intensit\u00e9. 3\/4 et 5 plages. Corps disiv\u00e9 en plage utilisable s\u00e9par\u00e9ment, Illumination homog\u00e8ne \u00e0 lumi\u00e8re fluorescente (54 W par plage)<\/p>\n","protected":false},"featured_media":0,"comment_status":"closed","ping_status":"closed","template":"","meta":{"_mi_skip_tracking":false},"product_cat":[67],"product_tag":[],"_links":{"self":[{"href":"https:\/\/procomed.ch\/en\/wp-json\/wp\/v2\/product\/529"}],"collection":[{"href":"https:\/\/procomed.ch\/en\/wp-json\/wp\/v2\/product"}],"about":[{"href":"https:\/\/procomed.ch\/en\/wp-json\/wp\/v2\/types\/product"}],"replies":[{"embeddable":true,"href":"https:\/\/procomed.ch\/en\/wp-json\/wp\/v2\/comments?post=529"}],"wp:attachment":[{"href":"https:\/\/procomed.ch\/en\/wp-json\/wp\/v2\/media?parent=529"}],"wp:term":[{"taxonomy":"product_cat","embeddable":true,"href":"https:\/\/procomed.ch\/en\/wp-json\/wp\/v2\/product_cat?post=529"},{"taxonomy":"product_tag","embeddable":true,"href":"https:\/\/procomed.ch\/en\/wp-json\/wp\/v2\/product_tag?post=529"}],"curies":[{"name":"wp","href":"https:\/\/api.w.org\/{rel}","templated":true}]}}