{"id":521,"date":"2016-10-06T07:29:28","date_gmt":"2016-10-06T06:29:28","guid":{"rendered":"https:\/\/procomed.ch\/produit\/promot-70862\/"},"modified":"2018-04-11T18:05:47","modified_gmt":"2018-04-11T17:05:47","slug":"promot-70862","status":"publish","type":"product","link":"https:\/\/procomed.ch\/en\/produit\/promot-70862\/","title":{"rendered":"Promot 70862"},"content":{"rendered":"<p>Fauteuils de pr\u00e9l\u00e8vement Promotal, 4 v\u00e9rins de stabilit\u00e9, dossier r\u00e9glable par v\u00e9rin \u00e0 gaz, commande manuelle bilat\u00e9rale, jambier r\u00e9glable par syst\u00e8me auto-bloquant.<\/p>","protected":false},"excerpt":{"rendered":"<p>Fauteuils de pr\u00e9l\u00e8vement Promotal, 4 v\u00e9rins de stabilit\u00e9, dossier r\u00e9glable par v\u00e9rin \u00e0 gaz, commande manuelle bilat\u00e9rale, jambier r\u00e9glable par syst\u00e8me auto-bloquant.<\/p>\n","protected":false},"featured_media":2022,"comment_status":"closed","ping_status":"closed","template":"","meta":{"_mi_skip_tracking":false},"product_cat":[77,23],"product_tag":[],"_links":{"self":[{"href":"https:\/\/procomed.ch\/en\/wp-json\/wp\/v2\/product\/521"}],"collection":[{"href":"https:\/\/procomed.ch\/en\/wp-json\/wp\/v2\/product"}],"about":[{"href":"https:\/\/procomed.ch\/en\/wp-json\/wp\/v2\/types\/product"}],"replies":[{"embeddable":true,"href":"https:\/\/procomed.ch\/en\/wp-json\/wp\/v2\/comments?post=521"}],"wp:featuredmedia":[{"embeddable":true,"href":"https:\/\/procomed.ch\/en\/wp-json\/wp\/v2\/media\/2022"}],"wp:attachment":[{"href":"https:\/\/procomed.ch\/en\/wp-json\/wp\/v2\/media?parent=521"}],"wp:term":[{"taxonomy":"product_cat","embeddable":true,"href":"https:\/\/procomed.ch\/en\/wp-json\/wp\/v2\/product_cat?post=521"},{"taxonomy":"product_tag","embeddable":true,"href":"https:\/\/procomed.ch\/en\/wp-json\/wp\/v2\/product_tag?post=521"}],"curies":[{"name":"wp","href":"https:\/\/api.w.org\/{rel}","templated":true}]}}